{"id":10708,"date":"2021-05-08T21:43:51","date_gmt":"2021-05-09T02:43:51","guid":{"rendered":"https:\/\/www.bogotraveltours.com\/?page_id=10708"},"modified":"2021-05-08T22:06:31","modified_gmt":"2021-05-09T03:06:31","slug":"empleos-bogota-desarrollador-programador-web","status":"publish","type":"page","link":"https:\/\/www.bogotraveltours.com\/es\/empleos-bogota\/desarrollador-programador-web\/","title":{"rendered":"DESARROLLADOR \/ PROGRAMADOR WEB"},"content":{"rendered":"<div class=\"wpb-content-wrapper\"><p>[vc_row type=\u00bbvc_default\u00bb gap=\u00bb10&#8243; css=\u00bb.vc_custom_1478729915300{margin-top: 2% !important;}\u00bb][vc_column css=\u00bb.vc_custom_1478727436005{margin-top: 0px !important;}\u00bb][vc_column_text css=\u00bb.vc_custom_1539130337918{margin-top: 0% !important;background-color: #f2f2f2 !important;}\u00bb]<\/p>\n<p style=\"text-align: center;\"><span class=\"rojo\" style=\"color: #000000; font-size: 1.5em;\"><strong>TRABAJA CON NOSOTROS<br \/>\n<\/strong><\/span><\/p>\n<p>[\/vc_column_text][vc_text_separator title=\u00bbPROGRAMADOR \/ DESARROLLADOR WEB (ABIERTA)\u00bb i_icon_fontawesome=\u00bbfas fa-network-wired\u00bb i_color=\u00bbblack\u00bb i_size=\u00bblg\u00bb title_align=\u00bbseparator_align_left\u00bb color=\u00bbblack\u00bb border_width=\u00bb2&#8243; css_animation=\u00bbfadeInDown\u00bb add_icon=\u00bbtrue\u00bb css=\u00bb.vc_custom_1620525590805{background-color: #eeee22 !important;}\u00bb][\/vc_column][\/vc_row][vc_row margin_top=\u00bb50px\u00bb][vc_column offset=\u00bbvc_hidden-lg vc_hidden-md vc_hidden-sm vc_hidden-xs\u00bb][vc_accordion active_tab=\u00bb1&#8243; collapsible=\u00bbyes\u00bb title_size=\u00bbh3&#8243; style=\u00bb3&#8243; title=\u00bbVACANTES DISPONIBLES\u00bb][vc_accordion_tab title=\u00bbPROGRAMADOR \/ DESARROLLADOR WEB\u00bb][vc_column_text]<\/p>\n<p style=\"padding-left: 30px;\">Buscamos personas que desean aplicar para nuestra vacante de DESARROLLADOR o PROGRAMADOR WEB en Bogot\u00e1,\u00a0con conocimiento y experiencia en lenguajes est\u00e1ndar de c\u00f3digo, PHP, manejo de sitios en WordPress a nivel de programaci\u00f3n, JavaScript, conocimientos en HTML y Css, dise\u00f1o y administraci\u00f3n de base de datos MySQL.<\/p>\n<p>&nbsp;<\/p>\n<p style=\"padding-left: 30px;\"><b>OBJETIVOS:<\/b><\/p>\n<ul>\n<li>Implementaci\u00f3n pasarela, o creaci\u00f3n de Plugin \/widget para automatizaci\u00f3n de nuestra oferta y ventas.<\/li>\n<li>Implementar herramienta para registro de usuarios: (Usando Facebook, Google, etc) y base de datos de usuarios clientes. Integrar la informaci\u00f3n del cliente para automatizar sus gustos y envi\u00f3 de ofertas nuevas.<\/li>\n<li>Posibilidad de agilizar o automatizar la puesta de ofertas nuevas en determinada secci\u00f3n de la web evitando procesos manuales extensos.<\/li>\n<\/ul>\n<p>&nbsp;<\/p>\n<p style=\"padding-left: 30px;\"><span style=\"color: #ff0000;\"><strong>CONOCIMIENTOS:<\/strong><\/span><\/p>\n<p style=\"padding-left: 30px;\"><img decoding=\"async\" src=\"http:\/\/www.bogotraveltours.com\/wp-content\/uploads\/2016\/10\/bullet-flecha.png\" width=\"10\" height=\"10\" \/> Conocimiento y experiencia en lenguajes est\u00e1ndar de c\u00f3digo<\/p>\n<p style=\"padding-left: 30px;\"><img decoding=\"async\" src=\"http:\/\/www.bogotraveltours.com\/wp-content\/uploads\/2016\/10\/bullet-flecha.png\" width=\"10\" height=\"10\" \/> PHP.<\/p>\n<p style=\"padding-left: 30px;\"><img decoding=\"async\" src=\"http:\/\/www.bogotraveltours.com\/wp-content\/uploads\/2016\/10\/bullet-flecha.png\" width=\"10\" height=\"10\" \/> Manejo de sitios en WordPress a nivel de programaci\u00f3n o avanzado.<\/p>\n<p style=\"padding-left: 30px;\"><img decoding=\"async\" src=\"http:\/\/www.bogotraveltours.com\/wp-content\/uploads\/2016\/10\/bullet-flecha.png\" width=\"10\" height=\"10\" \/> JavaScript<\/p>\n<p style=\"padding-left: 30px;\"><img decoding=\"async\" class=\"\" src=\"http:\/\/www.bogotraveltours.com\/wp-content\/uploads\/2016\/10\/bullet-flecha.png\" width=\"10\" height=\"10\" \/> Conocimientos en HTML y Css<\/p>\n<p style=\"padding-left: 30px;\"><img decoding=\"async\" class=\"\" src=\"http:\/\/www.bogotraveltours.com\/wp-content\/uploads\/2016\/10\/bullet-flecha.png\" width=\"10\" height=\"10\" \/> Administraci\u00f3n de base de datos MySQL<\/p>\n<p>&nbsp;<\/p>\n<p style=\"padding-left: 30px;\"><strong><span style=\"color: #ff0000;\">TRABAJO REMOTO:<\/span><\/strong><\/p>\n<p style=\"padding-left: 30px;\"><img decoding=\"async\" class=\"\" src=\"http:\/\/www.bogotraveltours.com\/wp-content\/uploads\/2016\/10\/bullet-flecha.png\" width=\"10\" height=\"10\" \/> Si. 50 \/ 50<\/p>\n<p>&nbsp;<\/p>\n<p style=\"padding-left: 30px;\"><strong><span style=\"color: #ff0000;\">Informaci\u00f3n \/ Horario laboral:<\/span> <\/strong><\/p>\n<p style=\"padding-left: 30px;\"><img decoding=\"async\" src=\"http:\/\/www.bogotraveltours.com\/wp-content\/uploads\/2016\/10\/bullet-flecha.png\" width=\"10\" height=\"10\" \/> <strong>No<\/strong> debes cumplir horario permanente. El tiempo lo manejas totalmente seg\u00fan tu disponibilidad.<\/p>\n<p style=\"padding-left: 30px;\"><img decoding=\"async\" src=\"http:\/\/www.bogotraveltours.com\/wp-content\/uploads\/2016\/10\/bullet-flecha.png\" width=\"10\" height=\"10\" \/> Requerimos presencialidad para socializaci\u00f3n y explicaci\u00f3n de ideas y pruebas. <strong><span style=\"color: #ff0000;\">LUGAR DE TRABAJO: <\/span><\/strong>Nuestra agencia<\/p>\n<p style=\"padding-left: 30px;\"><img decoding=\"async\" src=\"http:\/\/www.bogotraveltours.com\/wp-content\/uploads\/2016\/10\/bullet-flecha.png\" width=\"10\" height=\"10\" \/> Contrato por prestaci\u00f3n de servicios.<\/p>\n<p>&nbsp;<\/p>\n<p style=\"padding-left: 30px;\">RECIBIMOS HOJAS DE VIDA A NUESTRO <strong>EMAIL<\/strong>: <span style=\"color: #3366ff;\"><strong>bogotraveltours.empleos@gmail.com<\/strong><\/span><\/p>\n<p style=\"padding-left: 30px;\">Para mas informaci\u00f3n sobre esta vacante:<\/p>\n<p style=\"padding-left: 30px;\">Tel:\u00a0<strong>2431637<\/strong> &#8211; Celular: <strong>313 3680441<\/strong>.<\/p>\n<h2 style=\"text-align: center; padding-left: 30px;\"><em>BIENVENIDOS A BOGOTRAVEL TOURS!!<\/em><\/h2>\n<p>[\/vc_column_text][\/vc_accordion_tab][\/vc_accordion][\/vc_column][\/vc_row]<\/p>\n<\/div>","protected":false},"excerpt":{"rendered":"<p>[vc_row type=\u00bbvc_default\u00bb gap=\u00bb10&#8243; css=\u00bb.vc_custom_1478729915300{margin-top: 2% !important;}\u00bb][vc_column css=\u00bb.vc_custom_1478727436005{margin-top: 0px !important;}\u00bb][vc_column_text css=\u00bb.vc_custom_1539130337918{margin-top: 0% !important;background-color: #f2f2f2 !important;}\u00bb] TRABAJA CON NOSOTROS [\/vc_column_text][vc_text_separator title=\u00bbPROGRAMADOR \/ DESARROLLADOR WEB (ABIERTA)\u00bb i_icon_fontawesome=\u00bbfas fa-network-wired\u00bb i_color=\u00bbblack\u00bb i_size=\u00bblg\u00bb title_align=\u00bbseparator_align_left\u00bb color=\u00bbblack\u00bb border_width=\u00bb2&#8243; css_animation=\u00bbfadeInDown\u00bb add_icon=\u00bbtrue\u00bb css=\u00bb.vc_custom_1620525590805{background-color: #eeee22 !important;}\u00bb][\/vc_column][\/vc_row][vc_row margin_top=\u00bb50px\u00bb][vc_column offset=\u00bbvc_hidden-lg vc_hidden-md vc_hidden-sm vc_hidden-xs\u00bb][vc_accordion active_tab=\u00bb1&#8243; collapsible=\u00bbyes\u00bb title_size=\u00bbh3&#8243; style=\u00bb3&#8243; title=\u00bbVACANTES DISPONIBLES\u00bb][vc_accordion_tab title=\u00bbPROGRAMADOR \/ DESARROLLADOR WEB\u00bb][vc_column_text] Buscamos personas que desean aplicar&hellip;<\/p>\n","protected":false},"author":6,"featured_media":10711,"parent":0,"menu_order":0,"comment_status":"closed","ping_status":"closed","template":"","meta":{"_joinchat":{"telephone":"+573133680441","message_text":"\u00bfQuieres aplicar a esta oferta?"},"footnotes":""},"class_list":["post-10708","page","type-page","status-publish","has-post-thumbnail","hentry","description-off"],"yoast_head":"<!-- This site is optimized with the Yoast SEO plugin v27.2 - https:\/\/yoast.com\/product\/yoast-seo-wordpress\/ -->\n<title>Oferta Laboral desarrollador \/ programador web Bogota | Bogotravel Tours<\/title>\n<meta name=\"description\" content=\"Empleos Bogota, Empleo como programador web, Empleo Desarrollador web. Ofertas de trabajo en desarrollo, empleo programaci\u00f3n web Bogota\" \/>\n<meta name=\"robots\" content=\"index, follow, max-snippet:-1, max-image-preview:large, max-video-preview:-1\" \/>\n<link rel=\"canonical\" href=\"https:\/\/www.bogotraveltours.com\/es\/empleos-bogota\/desarrollador-programador-web\/\" \/>\n<meta property=\"og:locale\" content=\"es_ES\" \/>\n<meta property=\"og:type\" content=\"article\" \/>\n<meta property=\"og:title\" content=\"Oferta Laboral desarrollador \/ programador web Bogota | Bogotravel Tours\" \/>\n<meta property=\"og:description\" content=\"Empleos Bogota, Empleo como programador web, Empleo Desarrollador web. Ofertas de trabajo en desarrollo, empleo programaci\u00f3n web Bogota\" \/>\n<meta property=\"og:url\" content=\"https:\/\/www.bogotraveltours.com\/es\/empleos-bogota\/desarrollador-programador-web\/\" \/>\n<meta property=\"og:site_name\" content=\"Bogotravel Tours\" \/>\n<meta property=\"article:publisher\" content=\"https:\/\/www.facebook.com\/Bogotraveltours\/\" \/>\n<meta property=\"article:modified_time\" content=\"2021-05-09T03:06:31+00:00\" \/>\n<meta property=\"og:image\" content=\"https:\/\/www.bogotraveltours.com\/wp-content\/uploads\/desarrollador-web-1.jpg\" \/>\n\t<meta property=\"og:image:width\" content=\"800\" \/>\n\t<meta property=\"og:image:height\" content=\"800\" \/>\n\t<meta property=\"og:image:type\" content=\"image\/jpeg\" \/>\n<meta name=\"twitter:card\" content=\"summary_large_image\" \/>\n<meta name=\"twitter:site\" content=\"@bogotraveltours\" \/>\n<meta name=\"twitter:label1\" content=\"Tiempo de lectura\" \/>\n\t<meta name=\"twitter:data1\" content=\"2 minutos\" \/>\n<script type=\"application\/ld+json\" class=\"yoast-schema-graph\">{\"@context\":\"https:\/\/schema.org\",\"@graph\":[{\"@type\":\"WebPage\",\"@id\":\"https:\/\/www.bogotraveltours.com\/es\/empleos-bogota\/desarrollador-programador-web\/\",\"url\":\"https:\/\/www.bogotraveltours.com\/es\/empleos-bogota\/desarrollador-programador-web\/\",\"name\":\"Oferta Laboral desarrollador \/ programador web Bogota | Bogotravel Tours\",\"isPartOf\":{\"@id\":\"https:\/\/www.bogotraveltours.com\/es\/#website\"},\"primaryImageOfPage\":{\"@id\":\"https:\/\/www.bogotraveltours.com\/es\/empleos-bogota\/desarrollador-programador-web\/#primaryimage\"},\"image\":{\"@id\":\"https:\/\/www.bogotraveltours.com\/es\/empleos-bogota\/desarrollador-programador-web\/#primaryimage\"},\"thumbnailUrl\":\"https:\/\/www.bogotraveltours.com\/wp-content\/uploads\/desarrollador-web-1.jpg\",\"datePublished\":\"2021-05-09T02:43:51+00:00\",\"dateModified\":\"2021-05-09T03:06:31+00:00\",\"description\":\"Empleos Bogota, Empleo como programador web, Empleo Desarrollador web. Ofertas de trabajo en desarrollo, empleo programaci\u00f3n web Bogota\",\"breadcrumb\":{\"@id\":\"https:\/\/www.bogotraveltours.com\/es\/empleos-bogota\/desarrollador-programador-web\/#breadcrumb\"},\"inLanguage\":\"es\",\"potentialAction\":[{\"@type\":\"ReadAction\",\"target\":[\"https:\/\/www.bogotraveltours.com\/es\/empleos-bogota\/desarrollador-programador-web\/\"]}]},{\"@type\":\"ImageObject\",\"inLanguage\":\"es\",\"@id\":\"https:\/\/www.bogotraveltours.com\/es\/empleos-bogota\/desarrollador-programador-web\/#primaryimage\",\"url\":\"https:\/\/www.bogotraveltours.com\/wp-content\/uploads\/desarrollador-web-1.jpg\",\"contentUrl\":\"https:\/\/www.bogotraveltours.com\/wp-content\/uploads\/desarrollador-web-1.jpg\",\"width\":800,\"height\":800},{\"@type\":\"BreadcrumbList\",\"@id\":\"https:\/\/www.bogotraveltours.com\/es\/empleos-bogota\/desarrollador-programador-web\/#breadcrumb\",\"itemListElement\":[{\"@type\":\"ListItem\",\"position\":1,\"name\":\"Portada\",\"item\":\"https:\/\/www.bogotraveltours.com\/es\/\"},{\"@type\":\"ListItem\",\"position\":2,\"name\":\"DESARROLLADOR \/ PROGRAMADOR WEB\"}]},{\"@type\":\"WebSite\",\"@id\":\"https:\/\/www.bogotraveltours.com\/es\/#website\",\"url\":\"https:\/\/www.bogotraveltours.com\/es\/\",\"name\":\"Bogotravel Tours\",\"description\":\"Enjoy the best Bogota City tours, Tours salt cathedral Zipaquira Guatavita, tours en bicicleta bogot\u00e1, graffiti tours, Coffee plantation tour, ...\",\"publisher\":{\"@id\":\"https:\/\/www.bogotraveltours.com\/es\/#organization\"},\"potentialAction\":[{\"@type\":\"SearchAction\",\"target\":{\"@type\":\"EntryPoint\",\"urlTemplate\":\"https:\/\/www.bogotraveltours.com\/es\/?s={search_term_string}\"},\"query-input\":{\"@type\":\"PropertyValueSpecification\",\"valueRequired\":true,\"valueName\":\"search_term_string\"}}],\"inLanguage\":\"es\"},{\"@type\":\"Organization\",\"@id\":\"https:\/\/www.bogotraveltours.com\/es\/#organization\",\"name\":\"Bogotravel Tours\",\"url\":\"https:\/\/www.bogotraveltours.com\/es\/\",\"logo\":{\"@type\":\"ImageObject\",\"inLanguage\":\"es\",\"@id\":\"https:\/\/www.bogotraveltours.com\/es\/#\/schema\/logo\/image\/\",\"url\":\"https:\/\/www.bogotraveltours.com\/wp-content\/uploads\/logo-bogotravel-tours-header-2020.png\",\"contentUrl\":\"https:\/\/www.bogotraveltours.com\/wp-content\/uploads\/logo-bogotravel-tours-header-2020.png\",\"width\":490,\"height\":93,\"caption\":\"Bogotravel Tours\"},\"image\":{\"@id\":\"https:\/\/www.bogotraveltours.com\/es\/#\/schema\/logo\/image\/\"},\"sameAs\":[\"https:\/\/www.facebook.com\/Bogotraveltours\/\",\"https:\/\/x.com\/bogotraveltours\",\"https:\/\/twitter.com\/bogotraveltours\",\"https:\/\/www.youtube.com\/channel\/UCScz82LsqihomkFKlwT0EMw?view_as=subscriber\"]}]}<\/script>\n<!-- \/ Yoast SEO plugin. -->","yoast_head_json":{"title":"Oferta Laboral desarrollador \/ programador web Bogota | Bogotravel Tours","description":"Empleos Bogota, Empleo como programador web, Empleo Desarrollador web. Ofertas de trabajo en desarrollo, empleo programaci\u00f3n web Bogota","robots":{"index":"index","follow":"follow","max-snippet":"max-snippet:-1","max-image-preview":"max-image-preview:large","max-video-preview":"max-video-preview:-1"},"canonical":"https:\/\/www.bogotraveltours.com\/es\/empleos-bogota\/desarrollador-programador-web\/","og_locale":"es_ES","og_type":"article","og_title":"Oferta Laboral desarrollador \/ programador web Bogota | Bogotravel Tours","og_description":"Empleos Bogota, Empleo como programador web, Empleo Desarrollador web. Ofertas de trabajo en desarrollo, empleo programaci\u00f3n web Bogota","og_url":"https:\/\/www.bogotraveltours.com\/es\/empleos-bogota\/desarrollador-programador-web\/","og_site_name":"Bogotravel Tours","article_publisher":"https:\/\/www.facebook.com\/Bogotraveltours\/","article_modified_time":"2021-05-09T03:06:31+00:00","og_image":[{"width":800,"height":800,"url":"https:\/\/www.bogotraveltours.com\/wp-content\/uploads\/desarrollador-web-1.jpg","type":"image\/jpeg"}],"twitter_card":"summary_large_image","twitter_site":"@bogotraveltours","twitter_misc":{"Tiempo de lectura":"2 minutos"},"schema":{"@context":"https:\/\/schema.org","@graph":[{"@type":"WebPage","@id":"https:\/\/www.bogotraveltours.com\/es\/empleos-bogota\/desarrollador-programador-web\/","url":"https:\/\/www.bogotraveltours.com\/es\/empleos-bogota\/desarrollador-programador-web\/","name":"Oferta Laboral desarrollador \/ programador web Bogota | Bogotravel Tours","isPartOf":{"@id":"https:\/\/www.bogotraveltours.com\/es\/#website"},"primaryImageOfPage":{"@id":"https:\/\/www.bogotraveltours.com\/es\/empleos-bogota\/desarrollador-programador-web\/#primaryimage"},"image":{"@id":"https:\/\/www.bogotraveltours.com\/es\/empleos-bogota\/desarrollador-programador-web\/#primaryimage"},"thumbnailUrl":"https:\/\/www.bogotraveltours.com\/wp-content\/uploads\/desarrollador-web-1.jpg","datePublished":"2021-05-09T02:43:51+00:00","dateModified":"2021-05-09T03:06:31+00:00","description":"Empleos Bogota, Empleo como programador web, Empleo Desarrollador web. Ofertas de trabajo en desarrollo, empleo programaci\u00f3n web Bogota","breadcrumb":{"@id":"https:\/\/www.bogotraveltours.com\/es\/empleos-bogota\/desarrollador-programador-web\/#breadcrumb"},"inLanguage":"es","potentialAction":[{"@type":"ReadAction","target":["https:\/\/www.bogotraveltours.com\/es\/empleos-bogota\/desarrollador-programador-web\/"]}]},{"@type":"ImageObject","inLanguage":"es","@id":"https:\/\/www.bogotraveltours.com\/es\/empleos-bogota\/desarrollador-programador-web\/#primaryimage","url":"https:\/\/www.bogotraveltours.com\/wp-content\/uploads\/desarrollador-web-1.jpg","contentUrl":"https:\/\/www.bogotraveltours.com\/wp-content\/uploads\/desarrollador-web-1.jpg","width":800,"height":800},{"@type":"BreadcrumbList","@id":"https:\/\/www.bogotraveltours.com\/es\/empleos-bogota\/desarrollador-programador-web\/#breadcrumb","itemListElement":[{"@type":"ListItem","position":1,"name":"Portada","item":"https:\/\/www.bogotraveltours.com\/es\/"},{"@type":"ListItem","position":2,"name":"DESARROLLADOR \/ PROGRAMADOR WEB"}]},{"@type":"WebSite","@id":"https:\/\/www.bogotraveltours.com\/es\/#website","url":"https:\/\/www.bogotraveltours.com\/es\/","name":"Bogotravel Tours","description":"Enjoy the best Bogota City tours, Tours salt cathedral Zipaquira Guatavita, tours en bicicleta bogot\u00e1, graffiti tours, Coffee plantation tour, ...","publisher":{"@id":"https:\/\/www.bogotraveltours.com\/es\/#organization"},"potentialAction":[{"@type":"SearchAction","target":{"@type":"EntryPoint","urlTemplate":"https:\/\/www.bogotraveltours.com\/es\/?s={search_term_string}"},"query-input":{"@type":"PropertyValueSpecification","valueRequired":true,"valueName":"search_term_string"}}],"inLanguage":"es"},{"@type":"Organization","@id":"https:\/\/www.bogotraveltours.com\/es\/#organization","name":"Bogotravel Tours","url":"https:\/\/www.bogotraveltours.com\/es\/","logo":{"@type":"ImageObject","inLanguage":"es","@id":"https:\/\/www.bogotraveltours.com\/es\/#\/schema\/logo\/image\/","url":"https:\/\/www.bogotraveltours.com\/wp-content\/uploads\/logo-bogotravel-tours-header-2020.png","contentUrl":"https:\/\/www.bogotraveltours.com\/wp-content\/uploads\/logo-bogotravel-tours-header-2020.png","width":490,"height":93,"caption":"Bogotravel Tours"},"image":{"@id":"https:\/\/www.bogotraveltours.com\/es\/#\/schema\/logo\/image\/"},"sameAs":["https:\/\/www.facebook.com\/Bogotraveltours\/","https:\/\/x.com\/bogotraveltours","https:\/\/twitter.com\/bogotraveltours","https:\/\/www.youtube.com\/channel\/UCScz82LsqihomkFKlwT0EMw?view_as=subscriber"]}]}},"_links":{"self":[{"href":"https:\/\/www.bogotraveltours.com\/es\/wp-json\/wp\/v2\/pages\/10708","targetHints":{"allow":["GET"]}}],"collection":[{"href":"https:\/\/www.bogotraveltours.com\/es\/wp-json\/wp\/v2\/pages"}],"about":[{"href":"https:\/\/www.bogotraveltours.com\/es\/wp-json\/wp\/v2\/types\/page"}],"author":[{"embeddable":true,"href":"https:\/\/www.bogotraveltours.com\/es\/wp-json\/wp\/v2\/users\/6"}],"replies":[{"embeddable":true,"href":"https:\/\/www.bogotraveltours.com\/es\/wp-json\/wp\/v2\/comments?post=10708"}],"version-history":[{"count":1,"href":"https:\/\/www.bogotraveltours.com\/es\/wp-json\/wp\/v2\/pages\/10708\/revisions"}],"predecessor-version":[{"id":10713,"href":"https:\/\/www.bogotraveltours.com\/es\/wp-json\/wp\/v2\/pages\/10708\/revisions\/10713"}],"wp:featuredmedia":[{"embeddable":true,"href":"https:\/\/www.bogotraveltours.com\/es\/wp-json\/wp\/v2\/media\/10711"}],"wp:attachment":[{"href":"https:\/\/www.bogotraveltours.com\/es\/wp-json\/wp\/v2\/media?parent=10708"}],"curies":[{"name":"wp","href":"https:\/\/api.w.org\/{rel}","templated":true}]}}