{"id":1544,"date":"2016-12-14T21:01:20","date_gmt":"2016-12-14T21:01:20","guid":{"rendered":"http:\/\/www.bogotraveltours.com\/?page_id=1544\/"},"modified":"2026-03-10T13:06:25","modified_gmt":"2026-03-10T18:06:25","slug":"politica-cancelacion-tours-conexion","status":"publish","type":"page","link":"https:\/\/www.bogotraveltours.com\/es\/politica-cancelacion-aeropuerto-tours-conexion\/","title":{"rendered":"POLITICAS DE RESERVA Y CANCELACI\u00d3N PARA TOURS DE CONEXI\u00d3N EN BOGOTA"},"content":{"rendered":"<div class=\"wpb-content-wrapper\"><p>[vc_row type=\u00bbvc_default\u00bb][vc_column width=\u00bb2\/12&#8243;][\/vc_column][vc_column width=\u00bb8\/12&#8243;][vc_column_text css=\u00bb\u00bb]<\/p>\n<h3 style=\"text-align: center; font-family: 'Oswald';\"><span style=\"color: #0000ff;\">POLITICAS DE RESERVA Y CANCELACI\u00d3N PARA TOURS DE CONEXI\u00d3N Y TRANSPORTE DESDE EL AEROPUERTO EN BOGOTA, MEDELLIN Y CARTAGENA<\/span><\/h3>\n<p><span style=\"color: #000000; font-family: 'Open sans';\"><img decoding=\"async\" src=\"http:\/\/www.bogotraveltours.com\/wp-content\/uploads\/2016\/10\/bullet-flecha.png\" width=\"10\" height=\"10\" \/>\u00a0<strong>1 &#8211;<\/strong> (<strong>Si el itinerario del vuelo del pasajero esta dentro del tiempo programado de arribo a Bogot\u00e1<\/strong>) y En caso de que el cliente no se presente a la hora acordada en el punto de encuentro acordado, Bogotravel Tours esperara hasta<strong> 45 minutos m\u00e1s<\/strong> despu\u00e9s de la hora acordada por el cliente para iniciar el tour o servicio de transporte desde el aeropuerto. Durante los 45 minutos posteriores al arribo del vuelo intentaremos contactarnos con el pasajero.\u00a0 En caso de que el pasajero no se presente o se comunique con nosotros se dar\u00e1 por cancelado el tour o servicio de transporte.<\/span><\/p>\n<p><span style=\"color: #000000; font-family: 'Open sans';\"><img decoding=\"async\" src=\"http:\/\/www.bogotraveltours.com\/wp-content\/uploads\/2016\/10\/bullet-flecha.png\" width=\"10\" height=\"10\" \/> <strong>2 &#8211;<\/strong> El inicio del tiempo del tour empieza <strong>desde la hora fijada como \u201chora de recogida\u201d<\/strong> sin importar que haya retrasos de vuelo o que el cliente se presente despu\u00e9s de la hora fijada. <\/span><\/p>\n<p><span style=\"color: #000000; font-family: 'Open sans';\"><img decoding=\"async\" class=\"jetpack-lazy-image jetpack-lazy-image--handled\" src=\"https:\/\/www.bogotraveltours.com\/wp-content\/uploads\/2016\/10\/bullet-flecha.png\" width=\"11\" height=\"11\" data-lazy-loaded=\"1\" \/>\u00a0<strong>3 &#8211; <\/strong>Para <strong>TOURS DE CONEXI\u00d3N O DESDE EL AEROPUERTO: <\/strong>Para garantizar la reserva de cualquier servicio tur\u00edstico, el cliente deber\u00e1 hacer el pago con anticipaci\u00f3n de m\u00ednimo 20 a 30% del valor total del tour a reservar y el valor restante deber\u00e1 ser pagado en el inicio del primer tour. En caso de cancelaci\u00f3n el 50% del dep\u00f3sito previamente pagado (correspondiente al 20%) ser\u00e1 devuelto sin importar la fecha de cancelaci\u00f3n. Esto no aplica para cancelaciones confirmadas <strong>72 horas (3 dias)<\/strong>\u00a0antes de la operaci\u00f3n del tour. Si la cancelaci\u00f3n se genera dentro de las\u00a0<strong>72 horas (3 dias)<\/strong>\u00a0antes de la operaci\u00f3n del tour\u00a0<em>Bogotravel tours<\/em><strong>\u00a0NO<\/strong> har\u00e1 ninguna devoluci\u00f3n.<\/span><\/p>\n<p>&nbsp;<\/p>\n<hr \/>\n<h3><span style=\"color: #000000; font-family: 'Open sans';\"><span style=\"color: #000000; font-family: 'Open sans';\"><span style=\"color: #000000; font-family: 'Open sans';\">Cancelaciones de vuelos o cambios de itinerarios de vuelos por la aerol\u00ednea: <\/span><\/span><\/span><\/h3>\n<p><span style=\"color: #000000; font-family: 'Open sans';\"><span style=\"color: #000000; font-family: 'Open sans';\"><span style=\"color: #000000; font-family: 'Open sans';\">En caso de cancelaciones de vuelos hechas por la misma aerol\u00ednea, en la cual la aerol\u00ednea cancele el vuelo de arribo a Bogot\u00e1 o cambie la fecha de vuelo, deber\u00e1 ser esta informaci\u00f3n verdadera y comprobable con prueba de la misma cancelaci\u00f3n como; (<\/span><em><span style=\"color: #000000; font-family: 'Open sans';\">pantallazos \/ im\u00e1genes\u00a0del email o itinerario de la aerol\u00ednea\u00a0con el cambio o cancelaci\u00f3n\u00a0del vuelo<\/span><\/em><span style=\"color: #000000; font-family: 'Open sans';\">). Si este es el caso, <\/span><\/span><b style=\"color: #000000; font-family: 'Open sans';\">Bogotravel tours <\/b><span style=\"color: #000000; font-family: 'Open sans';\">aplicara las siguientes <\/span><span style=\"color: #000000; font-family: 'Open sans';\">pol\u00edticas<\/span><span style=\"color: #000000; font-family: 'Open sans';\">\u00a0de cancelaci\u00f3n:<\/span><b style=\"color: #000000; font-family: 'Open sans';\">\u00a0<\/b><\/span><\/p>\n<p><span style=\"color: #000000; font-family: 'Open sans';\"><img decoding=\"async\" src=\"http:\/\/www.bogotraveltours.com\/wp-content\/uploads\/2016\/10\/bullet-flecha.png\" width=\"10\" height=\"10\" \/>\u00a0<strong>1 &#8211;<\/strong>\u00a0<strong>Para cancelaciones confirmadas mas de 72 Horas (3 Dias) previos a la hora de inicio del tour reservado<\/strong>. Se har\u00e1 la\u00a0devoluci\u00f3n al cliente de la totalidad de la reserva. <strong>Nota<\/strong>: La cancelaci\u00f3n deber\u00e1 informarse por escrito y enviada por email a reserve@bogotraveltours.com.<\/span><\/p>\n<p><span style=\"color: #000000; font-family: 'Open sans';\"> <img decoding=\"async\" src=\"http:\/\/www.bogotraveltours.com\/wp-content\/uploads\/2016\/10\/bullet-flecha.png\" width=\"10\" height=\"10\" \/>\u00a0<strong>2 &#8211;\u00a0<\/strong><strong>Para cancelaciones confirmadas entre 25 a 71 Horas (Entre 1 dia a casi 3 Dias) previos a la hora de inicio del tour reservado. <\/strong>Se har\u00e1 devoluci\u00f3n<strong>\u00a0<\/strong>del\u00a050% del depositado de (20% del tour) o en caso de haber pagado la totalidad del valor del tour se har\u00e1 devoluci\u00f3n por el<strong>\u00a090%<\/strong> del total del tour. <strong>Nota<\/strong>: La cancelaci\u00f3n deber\u00e1 informarse por escrito y enviada por email a reserve@bogotraveltours.com.\u00a0 <\/span><span style=\"color: #000000; font-family: 'Open sans';\"><strong>\u00a0<\/strong><\/span><\/p>\n<p><span style=\"color: #000000; font-family: 'Open sans';\"><img decoding=\"async\" src=\"http:\/\/www.bogotraveltours.com\/wp-content\/uploads\/2016\/10\/bullet-flecha.png\" width=\"10\" height=\"10\" \/>\u00a0<strong>3\u00a0&#8211;\u00a0<\/strong><strong>Para cancelaciones confirmadas entre 0 a 24 Horas previas a la hora de inicio del tour reservado.<\/strong>\u00a0Bogotravel tours <strong>NO<\/strong> aplicara ninguna devoluci\u00f3n al pasajero si solamente fue hecho el pago del deposito (de 30% del total del tour). Si el pasajero pago la totalidad del tour se har\u00e1 devoluci\u00f3n de <strong>70%<\/strong> del valor depositado.\u00a0<strong>Nota<\/strong>: La cancelaci\u00f3n deber\u00e1 informarse por escrito y enviada por email a reserve@bogotraveltours.com.\u00a0 <strong>\u00a0<\/strong><\/span><\/p>\n<p><span style=\"color: #000000; font-family: 'Open sans';\">\u00a0Los respectivos valores de devoluci\u00f3n corresponden al pago neto recibido por <strong>Bogotravel tours. <\/strong>Los impuestos de transacci\u00f3n o valores extras incurridos por el pago de la reserva o costos por el pago de la devoluci\u00f3n no har\u00e1n parte del valor de la misma devoluci\u00f3n. Las devoluciones o reintegros de dinero se pagaran por medio de la plataforma de pagos\u00a0<strong>PayPal. <\/strong>Y para el caso <strong># 1<\/strong> el reintegro o devoluci\u00f3n se har\u00e1 a la misma tarjeta de cr\u00e9dito del pasajero<strong>.<\/strong><\/span><\/p>\n<p><span style=\"color: #000000; font-family: 'Open sans';\"><img decoding=\"async\" src=\"http:\/\/www.bogotraveltours.com\/wp-content\/uploads\/2016\/10\/bullet-flecha.png\" width=\"10\" height=\"10\" \/>\u00a0<strong>4 &#8211;<\/strong> <strong>Para Tours de conexi\u00f3n reservados con hospedaje;<\/strong>\u00a0el costo de reserva de hospedaje correspondiente al 50% del valor total depositado NO se devolver\u00e1 por cancelaciones de aerol\u00edneas sin importar la fecha u hora en que se informe la cancelaci\u00f3n.\u00a0<\/span><span style=\"color: #000000; font-family: 'Open sans';\"><br \/>\n<\/span>[\/vc_column_text][\/vc_column][vc_column width=\u00bb2\/12&#8243;][\/vc_column][\/vc_row]<\/p>\n<\/div>","protected":false},"excerpt":{"rendered":"<p>[vc_row type=\u00bbvc_default\u00bb][vc_column width=\u00bb2\/12&#8243;][\/vc_column][vc_column width=\u00bb8\/12&#8243;][vc_column_text css=\u00bb\u00bb] POLITICAS DE RESERVA Y CANCELACI\u00d3N PARA TOURS DE CONEXI\u00d3N Y TRANSPORTE DESDE EL AEROPUERTO EN BOGOTA, MEDELLIN Y CARTAGENA \u00a01 &#8211; (Si el itinerario del vuelo del pasajero esta dentro del tiempo programado de arribo a Bogot\u00e1) y En caso de que el cliente no se presente a la hora&hellip;<\/p>\n","protected":false},"author":1,"featured_media":0,"parent":0,"menu_order":0,"comment_status":"closed","ping_status":"closed","template":"","meta":{"_joinchat":[],"footnotes":""},"class_list":["post-1544","page","type-page","status-publish","hentry","description-off"],"yoast_head":"<!-- This site is optimized with the Yoast SEO plugin v27.2 - https:\/\/yoast.com\/product\/yoast-seo-wordpress\/ -->\n<title>POLITICA RESERVA \/ CANCELACI\u00d3N TOURS DE CONEXI\u00d3N Y TRANSPORTE DESDE EL AEROPUERTO EN BOGOTA<\/title>\n<meta name=\"robots\" content=\"index, follow, max-snippet:-1, max-image-preview:large, max-video-preview:-1\" \/>\n<link rel=\"canonical\" href=\"https:\/\/www.bogotraveltours.com\/es\/politica-cancelacion-aeropuerto-tours-conexion\/\" \/>\n<meta property=\"og:locale\" content=\"es_ES\" \/>\n<meta property=\"og:type\" content=\"article\" \/>\n<meta property=\"og:title\" content=\"POLITICA RESERVA \/ CANCELACI\u00d3N TOURS DE CONEXI\u00d3N Y TRANSPORTE DESDE EL AEROPUERTO EN BOGOTA\" \/>\n<meta property=\"og:description\" content=\"[vc_row type=\u00bbvc_default\u00bb][vc_column width=\u00bb2\/12&#8243;][\/vc_column][vc_column width=\u00bb8\/12&#8243;][vc_column_text css=\u00bb\u00bb] POLITICAS DE RESERVA Y CANCELACI\u00d3N PARA TOURS DE CONEXI\u00d3N Y TRANSPORTE DESDE EL AEROPUERTO EN BOGOTA, MEDELLIN Y CARTAGENA \u00a01 &#8211; (Si el itinerario del vuelo del pasajero esta dentro del tiempo programado de arribo a Bogot\u00e1) y En caso de que el cliente no se presente a la hora&hellip;\" \/>\n<meta property=\"og:url\" content=\"https:\/\/www.bogotraveltours.com\/es\/politica-cancelacion-aeropuerto-tours-conexion\/\" \/>\n<meta property=\"og:site_name\" content=\"Bogotravel Tours\" \/>\n<meta property=\"article:publisher\" content=\"https:\/\/www.facebook.com\/Bogotraveltours\/\" \/>\n<meta property=\"article:modified_time\" content=\"2026-03-10T18:06:25+00:00\" \/>\n<meta property=\"og:image\" content=\"http:\/\/www.bogotraveltours.com\/wp-content\/uploads\/2016\/10\/bullet-flecha.png\" \/>\n<meta name=\"twitter:card\" content=\"summary_large_image\" \/>\n<meta name=\"twitter:site\" content=\"@bogotraveltours\" \/>\n<meta name=\"twitter:label1\" content=\"Tiempo de lectura\" \/>\n\t<meta name=\"twitter:data1\" content=\"5 minutos\" \/>\n<script type=\"application\/ld+json\" class=\"yoast-schema-graph\">{\"@context\":\"https:\/\/schema.org\",\"@graph\":[{\"@type\":\"WebPage\",\"@id\":\"https:\/\/www.bogotraveltours.com\/es\/politica-cancelacion-aeropuerto-tours-conexion\/\",\"url\":\"https:\/\/www.bogotraveltours.com\/es\/politica-cancelacion-aeropuerto-tours-conexion\/\",\"name\":\"POLITICA RESERVA \/ CANCELACI\u00d3N TOURS DE CONEXI\u00d3N Y TRANSPORTE DESDE EL AEROPUERTO EN BOGOTA\",\"isPartOf\":{\"@id\":\"https:\/\/www.bogotraveltours.com\/es\/#website\"},\"primaryImageOfPage\":{\"@id\":\"https:\/\/www.bogotraveltours.com\/es\/politica-cancelacion-aeropuerto-tours-conexion\/#primaryimage\"},\"image\":{\"@id\":\"https:\/\/www.bogotraveltours.com\/es\/politica-cancelacion-aeropuerto-tours-conexion\/#primaryimage\"},\"thumbnailUrl\":\"http:\/\/www.bogotraveltours.com\/wp-content\/uploads\/2016\/10\/bullet-flecha.png\",\"datePublished\":\"2016-12-14T21:01:20+00:00\",\"dateModified\":\"2026-03-10T18:06:25+00:00\",\"breadcrumb\":{\"@id\":\"https:\/\/www.bogotraveltours.com\/es\/politica-cancelacion-aeropuerto-tours-conexion\/#breadcrumb\"},\"inLanguage\":\"es\",\"potentialAction\":[{\"@type\":\"ReadAction\",\"target\":[\"https:\/\/www.bogotraveltours.com\/es\/politica-cancelacion-aeropuerto-tours-conexion\/\"]}]},{\"@type\":\"ImageObject\",\"inLanguage\":\"es\",\"@id\":\"https:\/\/www.bogotraveltours.com\/es\/politica-cancelacion-aeropuerto-tours-conexion\/#primaryimage\",\"url\":\"http:\/\/www.bogotraveltours.com\/wp-content\/uploads\/2016\/10\/bullet-flecha.png\",\"contentUrl\":\"http:\/\/www.bogotraveltours.com\/wp-content\/uploads\/2016\/10\/bullet-flecha.png\"},{\"@type\":\"BreadcrumbList\",\"@id\":\"https:\/\/www.bogotraveltours.com\/es\/politica-cancelacion-aeropuerto-tours-conexion\/#breadcrumb\",\"itemListElement\":[{\"@type\":\"ListItem\",\"position\":1,\"name\":\"Portada\",\"item\":\"https:\/\/www.bogotraveltours.com\/es\/\"},{\"@type\":\"ListItem\",\"position\":2,\"name\":\"POLITICAS DE RESERVA Y CANCELACI\u00d3N PARA TOURS DE CONEXI\u00d3N EN BOGOTA\"}]},{\"@type\":\"WebSite\",\"@id\":\"https:\/\/www.bogotraveltours.com\/es\/#website\",\"url\":\"https:\/\/www.bogotraveltours.com\/es\/\",\"name\":\"Bogotravel Tours\",\"description\":\"Enjoy the best Bogota City tours, Tours salt cathedral Zipaquira Guatavita, tours en bicicleta bogot\u00e1, graffiti tours, Coffee plantation tour, ...\",\"publisher\":{\"@id\":\"https:\/\/www.bogotraveltours.com\/es\/#organization\"},\"potentialAction\":[{\"@type\":\"SearchAction\",\"target\":{\"@type\":\"EntryPoint\",\"urlTemplate\":\"https:\/\/www.bogotraveltours.com\/es\/?s={search_term_string}\"},\"query-input\":{\"@type\":\"PropertyValueSpecification\",\"valueRequired\":true,\"valueName\":\"search_term_string\"}}],\"inLanguage\":\"es\"},{\"@type\":\"Organization\",\"@id\":\"https:\/\/www.bogotraveltours.com\/es\/#organization\",\"name\":\"Bogotravel Tours\",\"url\":\"https:\/\/www.bogotraveltours.com\/es\/\",\"logo\":{\"@type\":\"ImageObject\",\"inLanguage\":\"es\",\"@id\":\"https:\/\/www.bogotraveltours.com\/es\/#\/schema\/logo\/image\/\",\"url\":\"https:\/\/www.bogotraveltours.com\/wp-content\/uploads\/logo-bogotravel-tours-header-2020.png\",\"contentUrl\":\"https:\/\/www.bogotraveltours.com\/wp-content\/uploads\/logo-bogotravel-tours-header-2020.png\",\"width\":490,\"height\":93,\"caption\":\"Bogotravel Tours\"},\"image\":{\"@id\":\"https:\/\/www.bogotraveltours.com\/es\/#\/schema\/logo\/image\/\"},\"sameAs\":[\"https:\/\/www.facebook.com\/Bogotraveltours\/\",\"https:\/\/x.com\/bogotraveltours\",\"https:\/\/twitter.com\/bogotraveltours\",\"https:\/\/www.youtube.com\/channel\/UCScz82LsqihomkFKlwT0EMw?view_as=subscriber\"]}]}<\/script>\n<!-- \/ Yoast SEO plugin. -->","yoast_head_json":{"title":"POLITICA RESERVA \/ CANCELACI\u00d3N TOURS DE CONEXI\u00d3N Y TRANSPORTE DESDE EL AEROPUERTO EN BOGOTA","robots":{"index":"index","follow":"follow","max-snippet":"max-snippet:-1","max-image-preview":"max-image-preview:large","max-video-preview":"max-video-preview:-1"},"canonical":"https:\/\/www.bogotraveltours.com\/es\/politica-cancelacion-aeropuerto-tours-conexion\/","og_locale":"es_ES","og_type":"article","og_title":"POLITICA RESERVA \/ CANCELACI\u00d3N TOURS DE CONEXI\u00d3N Y TRANSPORTE DESDE EL AEROPUERTO EN BOGOTA","og_description":"[vc_row type=\u00bbvc_default\u00bb][vc_column width=\u00bb2\/12&#8243;][\/vc_column][vc_column width=\u00bb8\/12&#8243;][vc_column_text css=\u00bb\u00bb] POLITICAS DE RESERVA Y CANCELACI\u00d3N PARA TOURS DE CONEXI\u00d3N Y TRANSPORTE DESDE EL AEROPUERTO EN BOGOTA, MEDELLIN Y CARTAGENA \u00a01 &#8211; (Si el itinerario del vuelo del pasajero esta dentro del tiempo programado de arribo a Bogot\u00e1) y En caso de que el cliente no se presente a la hora&hellip;","og_url":"https:\/\/www.bogotraveltours.com\/es\/politica-cancelacion-aeropuerto-tours-conexion\/","og_site_name":"Bogotravel Tours","article_publisher":"https:\/\/www.facebook.com\/Bogotraveltours\/","article_modified_time":"2026-03-10T18:06:25+00:00","og_image":[{"url":"http:\/\/www.bogotraveltours.com\/wp-content\/uploads\/2016\/10\/bullet-flecha.png","type":"","width":"","height":""}],"twitter_card":"summary_large_image","twitter_site":"@bogotraveltours","twitter_misc":{"Tiempo de lectura":"5 minutos"},"schema":{"@context":"https:\/\/schema.org","@graph":[{"@type":"WebPage","@id":"https:\/\/www.bogotraveltours.com\/es\/politica-cancelacion-aeropuerto-tours-conexion\/","url":"https:\/\/www.bogotraveltours.com\/es\/politica-cancelacion-aeropuerto-tours-conexion\/","name":"POLITICA RESERVA \/ CANCELACI\u00d3N TOURS DE CONEXI\u00d3N Y TRANSPORTE DESDE EL AEROPUERTO EN BOGOTA","isPartOf":{"@id":"https:\/\/www.bogotraveltours.com\/es\/#website"},"primaryImageOfPage":{"@id":"https:\/\/www.bogotraveltours.com\/es\/politica-cancelacion-aeropuerto-tours-conexion\/#primaryimage"},"image":{"@id":"https:\/\/www.bogotraveltours.com\/es\/politica-cancelacion-aeropuerto-tours-conexion\/#primaryimage"},"thumbnailUrl":"http:\/\/www.bogotraveltours.com\/wp-content\/uploads\/2016\/10\/bullet-flecha.png","datePublished":"2016-12-14T21:01:20+00:00","dateModified":"2026-03-10T18:06:25+00:00","breadcrumb":{"@id":"https:\/\/www.bogotraveltours.com\/es\/politica-cancelacion-aeropuerto-tours-conexion\/#breadcrumb"},"inLanguage":"es","potentialAction":[{"@type":"ReadAction","target":["https:\/\/www.bogotraveltours.com\/es\/politica-cancelacion-aeropuerto-tours-conexion\/"]}]},{"@type":"ImageObject","inLanguage":"es","@id":"https:\/\/www.bogotraveltours.com\/es\/politica-cancelacion-aeropuerto-tours-conexion\/#primaryimage","url":"http:\/\/www.bogotraveltours.com\/wp-content\/uploads\/2016\/10\/bullet-flecha.png","contentUrl":"http:\/\/www.bogotraveltours.com\/wp-content\/uploads\/2016\/10\/bullet-flecha.png"},{"@type":"BreadcrumbList","@id":"https:\/\/www.bogotraveltours.com\/es\/politica-cancelacion-aeropuerto-tours-conexion\/#breadcrumb","itemListElement":[{"@type":"ListItem","position":1,"name":"Portada","item":"https:\/\/www.bogotraveltours.com\/es\/"},{"@type":"ListItem","position":2,"name":"POLITICAS DE RESERVA Y CANCELACI\u00d3N PARA TOURS DE CONEXI\u00d3N EN BOGOTA"}]},{"@type":"WebSite","@id":"https:\/\/www.bogotraveltours.com\/es\/#website","url":"https:\/\/www.bogotraveltours.com\/es\/","name":"Bogotravel Tours","description":"Enjoy the best Bogota City tours, Tours salt cathedral Zipaquira Guatavita, tours en bicicleta bogot\u00e1, graffiti tours, Coffee plantation tour, ...","publisher":{"@id":"https:\/\/www.bogotraveltours.com\/es\/#organization"},"potentialAction":[{"@type":"SearchAction","target":{"@type":"EntryPoint","urlTemplate":"https:\/\/www.bogotraveltours.com\/es\/?s={search_term_string}"},"query-input":{"@type":"PropertyValueSpecification","valueRequired":true,"valueName":"search_term_string"}}],"inLanguage":"es"},{"@type":"Organization","@id":"https:\/\/www.bogotraveltours.com\/es\/#organization","name":"Bogotravel Tours","url":"https:\/\/www.bogotraveltours.com\/es\/","logo":{"@type":"ImageObject","inLanguage":"es","@id":"https:\/\/www.bogotraveltours.com\/es\/#\/schema\/logo\/image\/","url":"https:\/\/www.bogotraveltours.com\/wp-content\/uploads\/logo-bogotravel-tours-header-2020.png","contentUrl":"https:\/\/www.bogotraveltours.com\/wp-content\/uploads\/logo-bogotravel-tours-header-2020.png","width":490,"height":93,"caption":"Bogotravel Tours"},"image":{"@id":"https:\/\/www.bogotraveltours.com\/es\/#\/schema\/logo\/image\/"},"sameAs":["https:\/\/www.facebook.com\/Bogotraveltours\/","https:\/\/x.com\/bogotraveltours","https:\/\/twitter.com\/bogotraveltours","https:\/\/www.youtube.com\/channel\/UCScz82LsqihomkFKlwT0EMw?view_as=subscriber"]}]}},"_links":{"self":[{"href":"https:\/\/www.bogotraveltours.com\/es\/wp-json\/wp\/v2\/pages\/1544","targetHints":{"allow":["GET"]}}],"collection":[{"href":"https:\/\/www.bogotraveltours.com\/es\/wp-json\/wp\/v2\/pages"}],"about":[{"href":"https:\/\/www.bogotraveltours.com\/es\/wp-json\/wp\/v2\/types\/page"}],"author":[{"embeddable":true,"href":"https:\/\/www.bogotraveltours.com\/es\/wp-json\/wp\/v2\/users\/1"}],"replies":[{"embeddable":true,"href":"https:\/\/www.bogotraveltours.com\/es\/wp-json\/wp\/v2\/comments?post=1544"}],"version-history":[{"count":5,"href":"https:\/\/www.bogotraveltours.com\/es\/wp-json\/wp\/v2\/pages\/1544\/revisions"}],"predecessor-version":[{"id":20070,"href":"https:\/\/www.bogotraveltours.com\/es\/wp-json\/wp\/v2\/pages\/1544\/revisions\/20070"}],"wp:attachment":[{"href":"https:\/\/www.bogotraveltours.com\/es\/wp-json\/wp\/v2\/media?parent=1544"}],"curies":[{"name":"wp","href":"https:\/\/api.w.org\/{rel}","templated":true}]}}