{"id":4828,"date":"2018-09-28T00:15:01","date_gmt":"2018-09-28T00:15:01","guid":{"rendered":"http:\/\/www.bogotraveltours.com\/?page_id=4828"},"modified":"2023-10-03T21:24:53","modified_gmt":"2023-10-04T02:24:53","slug":"empleos-bogota","status":"publish","type":"page","link":"https:\/\/www.bogotraveltours.com\/es\/empleos\/bogota\/","title":{"rendered":"EMPLEOS"},"content":{"rendered":"<div class=\"wpb-content-wrapper\"><p>[vc_row margin_top=\u00bb50px\u00bb][vc_column][vc_raw_js]JTNDaHRtbCUzRSUwQSUyMCUyMCUzQ2hlYWQlM0UlMEElMjAlMjAlMjAlMjAlM0N0aXRsZSUzRUVNUExFT1MlMjBCT0dPVEElM0MlMkZ0aXRsZSUzRSUwQSUyMCUyMCUyMCUyMCUzQ3NjcmlwdCUyMHR5cGUlM0QlMjJhcHBsaWNhdGlvbiUyRmxkJTJCanNvbiUyMiUzRSUwQSUyMCUyMCUyMCUyMCU3QiUwQSUyMCUyMCUyMCUyMCUyMCUyMCUyMiU0MGNvbnRleHQlMjIlMjAlM0ElMjAlMjJodHRwcyUzQSUyRiUyRnNjaGVtYS5vcmclMkYlMjIlMkMlMEElMjAlMjAlMjAlMjAlMjAlMjAlMjIlNDB0eXBlJTIyJTIwJTNBJTIwJTIySm9iUG9zdGluZyUyMiUyQyUwQSUyMCUyMCUyMCUyMCUyMCUyMCUyMnRpdGxlJTIyJTIwJTNBJTIwJTIyT0ZFUlRBUyUyMERFJTIwRU1QTEVPJTIwQk9HT1RBJTIyJTJDJTBBJTIwJTIwJTIwJTIwJTIwJTIwJTIyZGVzY3JpcHRpb24lMjIlMjAlM0ElMjAlMjIlM0NwJTNFVEVORU1PUyUyMFZBUklBUyUyMFZBQ0FOVEVTJTIwREUlMjBFTVBMRU8uJTIwUE9SJTIwRkFWT1IlMjBWSVNJVEElMjBOVUVTVFJBJTIwV0VCJTIwREUlMjBFTVBMRU9TJTIwWSUyMEFQTElDQSUyMEElMjBMQSUyMFFVRSUyMFNFJTIwQUpVU1RFJTIwQSUyMFRVJTIwUEVSRklMJTNBJTIwaHR0cHMlM0ElMkYlMkZ3d3cuYm9nb3RyYXZlbHRvdXJzLmNvbSUyRmVzJTJGZW1wbGVvcyUyRmJvZ290YSUyRi4lM0MlMkZwJTNFJTIyJTJDJTBBJTIwJTIwJTIwJTIwJTIwJTIwJTIyaWRlbnRpZmllciUyMiUzQSUyMCU3QiUwQSUyMCUyMCUyMCUyMCUyMCUyMCUyMCUyMCUyMiU0MHR5cGUlMjIlM0ElMjAlMjJQcm9wZXJ0eVZhbHVlJTIyJTJDJTBBJTIwJTIwJTIwJTIwJTIwJTIwJTIwJTIwJTIybmFtZSUyMiUzQSUyMCUyMkJPR09UUkFWRUwlMjBUT1VSUyUyMiUyQyUwQSUyMCUyMCUyMCUyMCUyMCUyMCUyMCUyMCUyMnZhbHVlJTIyJTNBJTIwJTIyMCUyMiUwQSUyMCUyMCUyMCUyMCUyMCUyMCU3RCUyQyUwQSUyMCUyMCUyMCUyMCUyMCUyMCUyMmRhdGVQb3N0ZWQlMjIlMjAlM0ElMjAlMjIyMDIzLTEwLTAzJTIyJTJDJTBBJTIwJTIwJTIwJTIwJTIwJTIwJTIydmFsaWRUaHJvdWdoJTIyJTIwJTNBJTIwJTIyMjAyMy0xMi0wMVQwMCUzQTAwJTIyJTJDJTBBJTIwJTIwJTIwJTIwJTIwJTIwJTIyZW1wbG95bWVudFR5cGUlMjIlMjAlM0ElMjAlMjJXT1JLJTIwQ09OVFJBQ1QlMjIlMkMlMEElMjAlMjAlMjAlMjAlMjAlMjAlMjJoaXJpbmdPcmdhbml6YXRpb24lMjIlMjAlM0ElMjAlN0IlMEElMjAlMjAlMjAlMjAlMjAlMjAlMjAlMjAlMjIlNDB0eXBlJTIyJTIwJTNBJTIwJTIyT3JnYW5pemF0aW9uJTIyJTJDJTBBJTIwJTIwJTIwJTIwJTIwJTIwJTIwJTIwJTIybmFtZSUyMiUyMCUzQSUyMCUyMkJPR09UUkFWRUwlMjBUT1VSUyUyMiUyQyUwQSUyMCUyMCUyMCUyMCUyMCUyMCUyMCUyMCUyMnNhbWVBcyUyMiUyMCUzQSUyMCUyMmh0dHBzJTNBJTJGJTJGd3d3LmJvZ290cmF2ZWx0b3Vycy5jb20lMkZlcyUyRmVtcGxlb3MlMkZib2dvdGElMjIlMkMlMEElMjAlMjAlMjAlMjAlMjAlMjAlMjAlMjAlMjJsb2dvJTIyJTIwJTNBJTIwJTIyaHR0cHMlM0ElMkYlMkZ3d3cuYm9nb3RyYXZlbHRvdXJzLmNvbSUyRndwLWNvbnRlbnQlMkZ1cGxvYWRzJTJGMjAxNiUyRjEwJTJGTE9HTy1GT09URVIucG5nJTIyJTBBJTIwJTIwJTIwJTIwJTIwJTIwJTdEJTJDJTBBJTIwJTIwJTIwJTIwJTIwJTIwJTIyam9iTG9jYXRpb24lMjIlM0ElMjAlN0IlMEElMjAlMjAlMjAlMjAlMjAlMjAlMjIlNDB0eXBlJTIyJTNBJTIwJTIyUGxhY2UlMjIlMkMlMEElMjAlMjAlMjAlMjAlMjAlMjAlMjAlMjAlMjJhZGRyZXNzJTIyJTNBJTIwJTdCJTBBJTIwJTIwJTIwJTIwJTIwJTIwJTIwJTIwJTIyJTQwdHlwZSUyMiUzQSUyMCUyMlBvc3RhbEFkZHJlc3MlMjIlMkMlMEElMjAlMjAlMjAlMjAlMjAlMjAlMjAlMjAlMjJzdHJlZXRBZGRyZXNzJTIyJTNBJTIwJTIyQ2FycmVyYSUyMDFBJTIwJTIzJTIwMTItMTElMjIlMkMlMEElMjAlMjAlMjAlMjAlMjAlMjAlMjAlMjAlMjJhZGRyZXNzTG9jYWxpdHklMjIlM0ElMjAlMjJCT0dPVEElMjIlMkMlMEElMjAlMjAlMjAlMjAlMjAlMjAlMjAlMjAlMjJhZGRyZXNzUmVnaW9uJTIyJTNBJTIwJTIyQk9HT1RBJTIyJTJDJTBBJTIwJTIwJTIwJTIwJTIwJTIwJTIwJTIwJTIycG9zdGFsQ29kZSUyMiUzQSUyMCUyMjExMTcxMSUyMiUyQyUwQSUyMCUyMCUyMCUyMCUyMCUyMCUyMCUyMCUyMmFkZHJlc3NDb3VudHJ5JTIyJTNBJTIwJTIyQ09MT01CSUElMjIlMEElMjAlMjAlMjAlMjAlMjAlMjAlMjAlMjAlN0QlMEElMjAlMjAlMjAlMjAlMjAlMjAlN0QlMkMlMEElMjAlMjAlMjAlMjAlMjAlMjAlMjJiYXNlU2FsYXJ5JTIyJTNBJTIwJTdCJTBBJTIwJTIwJTIwJTIwJTIwJTIwJTIwJTIwJTIyJTQwdHlwZSUyMiUzQSUyMCUyMk1vbmV0YXJ5QW1vdW50JTIyJTJDJTBBJTIwJTIwJTIwJTIwJTIwJTIwJTIwJTIwJTIyY3VycmVuY3klMjIlM0ElMjAlMjJDT1AlMjIlMkMlMEElMjAlMjAlMjAlMjAlMjAlMjAlMjAlMjAlMjJ2YWx1ZSUyMiUzQSUyMCU3QiUwQSUyMCUyMCUyMCUyMCUyMCUyMCUyMCUyMCUyMCUyMCUyMiU0MHR5cGUlMjIlM0ElMjAlMjJRdWFudGl0YXRpdmVWYWx1ZSUyMiUyQyUwQSUyMCUyMCUyMCUyMCUyMCUyMCUyMCUyMCUyMCUyMCUyMnZhbHVlJTIyJTNBJTIwJTIyMy4zNTAuMDAwJTIyJTJDJTBBJTIwJTIwJTIwJTIwJTIwJTIwJTIwJTIwJTIwJTIwJTIydW5pdFRleHQlMjIlM0ElMjAlMjJNT05USCUyMiUwQSUyMCUyMCUyMCUyMCUyMCUyMCUyMCUyMCU3RCUwQSUyMCUyMCUyMCUyMCUyMCUyMCU3RCUwQSUyMCUyMCUyMCUyMCU3RCUwQSUyMCUyMCUyMCUyMCUzQyUyRnNjcmlwdCUzRSUwQSUyMCUyMCUzQyUyRmhlYWQlM0UlMEElMjAlMjAlM0Nib2R5JTNFJTBBJTIwJTIwJTNDJTJGYm9keSUzRSUwQSUzQyUyRmh0bWwlM0U=[\/vc_raw_js][\/vc_column][\/vc_row][vc_row gap=\u00bb10&#8243; type=\u00bbvc_default\u00bb css=\u00bb.vc_custom_1478729915300{margin-top: 2% !important;}\u00bb][vc_column css=\u00bb.vc_custom_1478727436005{margin-top: 0px !important;}\u00bb][vc_column_text css=\u00bb.vc_custom_1678335997375{margin-top: 0% !important;background-color: #f2f2f2 !important;}\u00bb]<\/p>\n<h1 style=\"text-align: center;\"><span class=\"rojo\" style=\"color: #000000; font-size: 0.6em; line-height: 0.1px;\"><strong>EMPLEOS EN BOGOTA | TRABAJA CON NOSOTROS<br \/>\n<\/strong><\/span><\/h1>\n<p>[\/vc_column_text][\/vc_column][\/vc_row][vc_row margin_top=\u00bb50px\u00bb][vc_column][vc_column_text css=\u00bb.vc_custom_1680673035699{padding-left: 2% !important;background-color: #ffe928 !important;}\u00bb]<\/p>\n<h2><a href=\"https:\/\/www.bogotraveltours.com\/es\/empleos\/bogota\/agente-viajes-comercial-bilingue\/\"><strong><span style=\"color: #303031; font-size: 0.5em; line-height: 0px;\">1-\u00a0 AGENTE COMERCIAL DE VIAJES BILING\u00dcE<\/span><\/strong><\/a><\/h2>\n<p>[\/vc_column_text][vc_column_text css=\u00bb.vc_custom_1690523273499{padding-left: 2% !important;background-color: #ffe928 !important;}\u00bb]<\/p>\n<h2><strong><span style=\"color: #303031; font-size: 0.5em; line-height: 0px;\">2- <a href=\"https:\/\/www.bogotraveltours.com\/es\/empleos\/bogota\/contadora\/\">AUDITOR(A) CONTABLE, BOGOT\u00c1<\/a><\/span><\/strong><\/h2>\n<p>[\/vc_column_text][vc_column_text css=\u00bb.vc_custom_1680671928804{padding-left: 2% !important;background-color: #ffe928 !important;}\u00bb]<\/p>\n<h2><a href=\"http:\/\/www.bogotraveltours.com\/es\/empleos-bogota-community-manager\/\"><strong><span style=\"color: #303031; font-size: 0.5em; line-height: 0px;\">3- COMMUNITY MANAGER \/ EDICION DE VIDEOS.<\/span><\/strong><\/a><\/h2>\n<p>[\/vc_column_text][vc_column_text css=\u00bb.vc_custom_1680671939217{padding-left: 2% !important;background-color: #ffe928 !important;}\u00bb]<\/p>\n<h2><a href=\"http:\/\/www.bogotraveltours.com\/es\/empleos-bogota-guia-turistico\/\"><strong><span style=\"color: #303031; font-size: 0.5em; line-height: 0px;\">4- GUIA TURISTICO \/ INFORMADOR DE TURISMO, BOGOT\u00c1<\/span><\/strong><\/a><\/h2>\n<p>[\/vc_column_text][\/vc_column][\/vc_row]<\/p>\n<\/div>","protected":false},"excerpt":{"rendered":"<p>[vc_row margin_top=\u00bb50px\u00bb][vc_column][vc_raw_js]JTNDaHRtbCUzRSUwQSUyMCUyMCUzQ2hlYWQlM0UlMEElMjAlMjAlMjAlMjAlM0N0aXRsZSUzRUVNUExFT1MlMjBCT0dPVEElM0MlMkZ0aXRsZSUzRSUwQSUyMCUyMCUyMCUyMCUzQ3NjcmlwdCUyMHR5cGUlM0QlMjJhcHBsaWNhdGlvbiUyRmxkJTJCanNvbiUyMiUzRSUwQSUyMCUyMCUyMCUyMCU3QiUwQSUyMCUyMCUyMCUyMCUyMCUyMCUyMiU0MGNvbnRleHQlMjIlMjAlM0ElMjAlMjJodHRwcyUzQSUyRiUyRnNjaGVtYS5vcmclMkYlMjIlMkMlMEElMjAlMjAlMjAlMjAlMjAlMjAlMjIlNDB0eXBlJTIyJTIwJTNBJTIwJTIySm9iUG9zdGluZyUyMiUyQyUwQSUyMCUyMCUyMCUyMCUyMCUyMCUyMnRpdGxlJTIyJTIwJTNBJTIwJTIyT0ZFUlRBUyUyMERFJTIwRU1QTEVPJTIwQk9HT1RBJTIyJTJDJTBBJTIwJTIwJTIwJTIwJTIwJTIwJTIyZGVzY3JpcHRpb24lMjIlMjAlM0ElMjAlMjIlM0NwJTNFVEVORU1PUyUyMFZBUklBUyUyMFZBQ0FOVEVTJTIwREUlMjBFTVBMRU8uJTIwUE9SJTIwRkFWT1IlMjBWSVNJVEElMjBOVUVTVFJBJTIwV0VCJTIwREUlMjBFTVBMRU9TJTIwWSUyMEFQTElDQSUyMEElMjBMQSUyMFFVRSUyMFNFJTIwQUpVU1RFJTIwQSUyMFRVJTIwUEVSRklMJTNBJTIwaHR0cHMlM0ElMkYlMkZ3d3cuYm9nb3RyYXZlbHRvdXJzLmNvbSUyRmVzJTJGZW1wbGVvcyUyRmJvZ290YSUyRi4lM0MlMkZwJTNFJTIyJTJDJTBBJTIwJTIwJTIwJTIwJTIwJTIwJTIyaWRlbnRpZmllciUyMiUzQSUyMCU3QiUwQSUyMCUyMCUyMCUyMCUyMCUyMCUyMCUyMCUyMiU0MHR5cGUlMjIlM0ElMjAlMjJQcm9wZXJ0eVZhbHVlJTIyJTJDJTBBJTIwJTIwJTIwJTIwJTIwJTIwJTIwJTIwJTIybmFtZSUyMiUzQSUyMCUyMkJPR09UUkFWRUwlMjBUT1VSUyUyMiUyQyUwQSUyMCUyMCUyMCUyMCUyMCUyMCUyMCUyMCUyMnZhbHVlJTIyJTNBJTIwJTIyMCUyMiUwQSUyMCUyMCUyMCUyMCUyMCUyMCU3RCUyQyUwQSUyMCUyMCUyMCUyMCUyMCUyMCUyMmRhdGVQb3N0ZWQlMjIlMjAlM0ElMjAlMjIyMDIzLTEwLTAzJTIyJTJDJTBBJTIwJTIwJTIwJTIwJTIwJTIwJTIydmFsaWRUaHJvdWdoJTIyJTIwJTNBJTIwJTIyMjAyMy0xMi0wMVQwMCUzQTAwJTIyJTJDJTBBJTIwJTIwJTIwJTIwJTIwJTIwJTIyZW1wbG95bWVudFR5cGUlMjIlMjAlM0ElMjAlMjJXT1JLJTIwQ09OVFJBQ1QlMjIlMkMlMEElMjAlMjAlMjAlMjAlMjAlMjAlMjJoaXJpbmdPcmdhbml6YXRpb24lMjIlMjAlM0ElMjAlN0IlMEElMjAlMjAlMjAlMjAlMjAlMjAlMjAlMjAlMjIlNDB0eXBlJTIyJTIwJTNBJTIwJTIyT3JnYW5pemF0aW9uJTIyJTJDJTBBJTIwJTIwJTIwJTIwJTIwJTIwJTIwJTIwJTIybmFtZSUyMiUyMCUzQSUyMCUyMkJPR09UUkFWRUwlMjBUT1VSUyUyMiUyQyUwQSUyMCUyMCUyMCUyMCUyMCUyMCUyMCUyMCUyMnNhbWVBcyUyMiUyMCUzQSUyMCUyMmh0dHBzJTNBJTJGJTJGd3d3LmJvZ290cmF2ZWx0b3Vycy5jb20lMkZlcyUyRmVtcGxlb3MlMkZib2dvdGElMjIlMkMlMEElMjAlMjAlMjAlMjAlMjAlMjAlMjAlMjAlMjJsb2dvJTIyJTIwJTNBJTIwJTIyaHR0cHMlM0ElMkYlMkZ3d3cuYm9nb3RyYXZlbHRvdXJzLmNvbSUyRndwLWNvbnRlbnQlMkZ1cGxvYWRzJTJGMjAxNiUyRjEwJTJGTE9HTy1GT09URVIucG5nJTIyJTBBJTIwJTIwJTIwJTIwJTIwJTIwJTdEJTJDJTBBJTIwJTIwJTIwJTIwJTIwJTIwJTIyam9iTG9jYXRpb24lMjIlM0ElMjAlN0IlMEElMjAlMjAlMjAlMjAlMjAlMjAlMjIlNDB0eXBlJTIyJTNBJTIwJTIyUGxhY2UlMjIlMkMlMEElMjAlMjAlMjAlMjAlMjAlMjAlMjAlMjAlMjJhZGRyZXNzJTIyJTNBJTIwJTdCJTBBJTIwJTIwJTIwJTIwJTIwJTIwJTIwJTIwJTIyJTQwdHlwZSUyMiUzQSUyMCUyMlBvc3RhbEFkZHJlc3MlMjIlMkMlMEElMjAlMjAlMjAlMjAlMjAlMjAlMjAlMjAlMjJzdHJlZXRBZGRyZXNzJTIyJTNBJTIwJTIyQ2FycmVyYSUyMDFBJTIwJTIzJTIwMTItMTElMjIlMkMlMEElMjAlMjAlMjAlMjAlMjAlMjAlMjAlMjAlMjJhZGRyZXNzTG9jYWxpdHklMjIlM0ElMjAlMjJCT0dPVEElMjIlMkMlMEElMjAlMjAlMjAlMjAlMjAlMjAlMjAlMjAlMjJhZGRyZXNzUmVnaW9uJTIyJTNBJTIwJTIyQk9HT1RBJTIyJTJDJTBBJTIwJTIwJTIwJTIwJTIwJTIwJTIwJTIwJTIycG9zdGFsQ29kZSUyMiUzQSUyMCUyMjExMTcxMSUyMiUyQyUwQSUyMCUyMCUyMCUyMCUyMCUyMCUyMCUyMCUyMmFkZHJlc3NDb3VudHJ5JTIyJTNBJTIwJTIyQ09MT01CSUElMjIlMEElMjAlMjAlMjAlMjAlMjAlMjAlMjAlMjAlN0QlMEElMjAlMjAlMjAlMjAlMjAlMjAlN0QlMkMlMEElMjAlMjAlMjAlMjAlMjAlMjAlMjJiYXNlU2FsYXJ5JTIyJTNBJTIwJTdCJTBBJTIwJTIwJTIwJTIwJTIwJTIwJTIwJTIwJTIyJTQwdHlwZSUyMiUzQSUyMCUyMk1vbmV0YXJ5QW1vdW50JTIyJTJDJTBBJTIwJTIwJTIwJTIwJTIwJTIwJTIwJTIwJTIyY3VycmVuY3klMjIlM0ElMjAlMjJDT1AlMjIlMkMlMEElMjAlMjAlMjAlMjAlMjAlMjAlMjAlMjAlMjJ2YWx1ZSUyMiUzQSUyMCU3QiUwQSUyMCUyMCUyMCUyMCUyMCUyMCUyMCUyMCUyMCUyMCUyMiU0MHR5cGUlMjIlM0ElMjAlMjJRdWFudGl0YXRpdmVWYWx1ZSUyMiUyQyUwQSUyMCUyMCUyMCUyMCUyMCUyMCUyMCUyMCUyMCUyMCUyMnZhbHVlJTIyJTNBJTIwJTIyMy4zNTAuMDAwJTIyJTJDJTBBJTIwJTIwJTIwJTIwJTIwJTIwJTIwJTIwJTIwJTIwJTIydW5pdFRleHQlMjIlM0ElMjAlMjJNT05USCUyMiUwQSUyMCUyMCUyMCUyMCUyMCUyMCUyMCUyMCU3RCUwQSUyMCUyMCUyMCUyMCUyMCUyMCU3RCUwQSUyMCUyMCUyMCUyMCU3RCUwQSUyMCUyMCUyMCUyMCUzQyUyRnNjcmlwdCUzRSUwQSUyMCUyMCUzQyUyRmhlYWQlM0UlMEElMjAlMjAlM0Nib2R5JTNFJTBBJTIwJTIwJTNDJTJGYm9keSUzRSUwQSUzQyUyRmh0bWwlM0U=[\/vc_raw_js][\/vc_column][\/vc_row][vc_row gap=\u00bb10&#8243; type=\u00bbvc_default\u00bb css=\u00bb.vc_custom_1478729915300{margin-top: 2% !important;}\u00bb][vc_column css=\u00bb.vc_custom_1478727436005{margin-top: 0px !important;}\u00bb][vc_column_text css=\u00bb.vc_custom_1678335997375{margin-top: 0% !important;background-color: #f2f2f2 !important;}\u00bb] EMPLEOS EN BOGOTA | TRABAJA CON NOSOTROS [\/vc_column_text][\/vc_column][\/vc_row][vc_row margin_top=\u00bb50px\u00bb][vc_column][vc_column_text css=\u00bb.vc_custom_1680673035699{padding-left: 2% !important;background-color: #ffe928 !important;}\u00bb] 1-\u00a0 AGENTE COMERCIAL DE VIAJES BILING\u00dcE [\/vc_column_text][vc_column_text css=\u00bb.vc_custom_1690523273499{padding-left: 2% !important;background-color: #ffe928 !important;}\u00bb] 2- AUDITOR(A) CONTABLE, BOGOT\u00c1 [\/vc_column_text][vc_column_text css=\u00bb.vc_custom_1680671928804{padding-left: 2% !important;background-color: #ffe928 !important;}\u00bb] 3- COMMUNITY MANAGER \/&hellip;<\/p>\n","protected":false},"author":6,"featured_media":0,"parent":0,"menu_order":0,"comment_status":"closed","ping_status":"closed","template":"","meta":{"_joinchat":[],"footnotes":""},"class_list":["post-4828","page","type-page","status-publish","hentry","description-off"],"yoast_head":"<!-- This site is optimized with the Yoast SEO plugin v27.2 - https:\/\/yoast.com\/product\/yoast-seo-wordpress\/ -->\n<title>Empleos Agencia viajes, Agente comercial biling\u00fce, Contador Bogota<\/title>\n<meta name=\"description\" content=\"Empleos Bogota, Empleo gu\u00eda tur\u00edstico Bogota, Empleo agencia de viajes Bogota, Ofertas de trabajo en turismo Bogota. Auxiliar adminitrativa biling\u00fce con experiencia,\" \/>\n<meta name=\"robots\" content=\"index, follow, max-snippet:-1, max-image-preview:large, max-video-preview:-1\" \/>\n<link rel=\"canonical\" href=\"https:\/\/www.bogotraveltours.com\/es\/empleos\/bogota\/\" \/>\n<meta property=\"og:locale\" content=\"es_ES\" \/>\n<meta property=\"og:type\" content=\"article\" \/>\n<meta property=\"og:title\" content=\"Empleos Agencia viajes, Agente comercial biling\u00fce, Contador Bogota\" \/>\n<meta property=\"og:description\" content=\"Empleos Bogota, Empleo gu\u00eda tur\u00edstico Bogota, Empleo agencia de viajes Bogota, Ofertas de trabajo en turismo Bogota. Auxiliar adminitrativa biling\u00fce con experiencia,\" \/>\n<meta property=\"og:url\" content=\"https:\/\/www.bogotraveltours.com\/es\/empleos\/bogota\/\" \/>\n<meta property=\"og:site_name\" content=\"Bogotravel Tours\" \/>\n<meta property=\"article:publisher\" content=\"https:\/\/www.facebook.com\/Bogotraveltours\/\" \/>\n<meta property=\"article:modified_time\" content=\"2023-10-04T02:24:53+00:00\" \/>\n<meta name=\"twitter:card\" content=\"summary_large_image\" \/>\n<meta name=\"twitter:site\" content=\"@bogotraveltours\" \/>\n<meta name=\"twitter:label1\" content=\"Tiempo de lectura\" \/>\n\t<meta name=\"twitter:data1\" content=\"1 minuto\" \/>\n<script type=\"application\/ld+json\" class=\"yoast-schema-graph\">{\"@context\":\"https:\/\/schema.org\",\"@graph\":[{\"@type\":\"WebPage\",\"@id\":\"https:\/\/www.bogotraveltours.com\/es\/empleos\/bogota\/\",\"url\":\"https:\/\/www.bogotraveltours.com\/es\/empleos\/bogota\/\",\"name\":\"Empleos Agencia viajes, Agente comercial biling\u00fce, Contador Bogota\",\"isPartOf\":{\"@id\":\"https:\/\/www.bogotraveltours.com\/es\/#website\"},\"datePublished\":\"2018-09-28T00:15:01+00:00\",\"dateModified\":\"2023-10-04T02:24:53+00:00\",\"description\":\"Empleos Bogota, Empleo gu\u00eda tur\u00edstico Bogota, Empleo agencia de viajes Bogota, Ofertas de trabajo en turismo Bogota. Auxiliar adminitrativa biling\u00fce con experiencia,\",\"breadcrumb\":{\"@id\":\"https:\/\/www.bogotraveltours.com\/es\/empleos\/bogota\/#breadcrumb\"},\"inLanguage\":\"es\",\"potentialAction\":[{\"@type\":\"ReadAction\",\"target\":[\"https:\/\/www.bogotraveltours.com\/es\/empleos\/bogota\/\"]}]},{\"@type\":\"BreadcrumbList\",\"@id\":\"https:\/\/www.bogotraveltours.com\/es\/empleos\/bogota\/#breadcrumb\",\"itemListElement\":[{\"@type\":\"ListItem\",\"position\":1,\"name\":\"Portada\",\"item\":\"https:\/\/www.bogotraveltours.com\/es\/\"},{\"@type\":\"ListItem\",\"position\":2,\"name\":\"EMPLEOS\"}]},{\"@type\":\"WebSite\",\"@id\":\"https:\/\/www.bogotraveltours.com\/es\/#website\",\"url\":\"https:\/\/www.bogotraveltours.com\/es\/\",\"name\":\"Bogotravel Tours\",\"description\":\"Enjoy the best Bogota City tours, Tours salt cathedral Zipaquira Guatavita, tours en bicicleta bogot\u00e1, graffiti tours, Coffee plantation tour, ...\",\"publisher\":{\"@id\":\"https:\/\/www.bogotraveltours.com\/es\/#organization\"},\"potentialAction\":[{\"@type\":\"SearchAction\",\"target\":{\"@type\":\"EntryPoint\",\"urlTemplate\":\"https:\/\/www.bogotraveltours.com\/es\/?s={search_term_string}\"},\"query-input\":{\"@type\":\"PropertyValueSpecification\",\"valueRequired\":true,\"valueName\":\"search_term_string\"}}],\"inLanguage\":\"es\"},{\"@type\":\"Organization\",\"@id\":\"https:\/\/www.bogotraveltours.com\/es\/#organization\",\"name\":\"Bogotravel Tours\",\"url\":\"https:\/\/www.bogotraveltours.com\/es\/\",\"logo\":{\"@type\":\"ImageObject\",\"inLanguage\":\"es\",\"@id\":\"https:\/\/www.bogotraveltours.com\/es\/#\/schema\/logo\/image\/\",\"url\":\"https:\/\/www.bogotraveltours.com\/wp-content\/uploads\/logo-bogotravel-tours-header-2020.png\",\"contentUrl\":\"https:\/\/www.bogotraveltours.com\/wp-content\/uploads\/logo-bogotravel-tours-header-2020.png\",\"width\":490,\"height\":93,\"caption\":\"Bogotravel Tours\"},\"image\":{\"@id\":\"https:\/\/www.bogotraveltours.com\/es\/#\/schema\/logo\/image\/\"},\"sameAs\":[\"https:\/\/www.facebook.com\/Bogotraveltours\/\",\"https:\/\/x.com\/bogotraveltours\",\"https:\/\/twitter.com\/bogotraveltours\",\"https:\/\/www.youtube.com\/channel\/UCScz82LsqihomkFKlwT0EMw?view_as=subscriber\"]}]}<\/script>\n<!-- \/ Yoast SEO plugin. -->","yoast_head_json":{"title":"Empleos Agencia viajes, Agente comercial biling\u00fce, Contador Bogota","description":"Empleos Bogota, Empleo gu\u00eda tur\u00edstico Bogota, Empleo agencia de viajes Bogota, Ofertas de trabajo en turismo Bogota. Auxiliar adminitrativa biling\u00fce con experiencia,","robots":{"index":"index","follow":"follow","max-snippet":"max-snippet:-1","max-image-preview":"max-image-preview:large","max-video-preview":"max-video-preview:-1"},"canonical":"https:\/\/www.bogotraveltours.com\/es\/empleos\/bogota\/","og_locale":"es_ES","og_type":"article","og_title":"Empleos Agencia viajes, Agente comercial biling\u00fce, Contador Bogota","og_description":"Empleos Bogota, Empleo gu\u00eda tur\u00edstico Bogota, Empleo agencia de viajes Bogota, Ofertas de trabajo en turismo Bogota. Auxiliar adminitrativa biling\u00fce con experiencia,","og_url":"https:\/\/www.bogotraveltours.com\/es\/empleos\/bogota\/","og_site_name":"Bogotravel Tours","article_publisher":"https:\/\/www.facebook.com\/Bogotraveltours\/","article_modified_time":"2023-10-04T02:24:53+00:00","twitter_card":"summary_large_image","twitter_site":"@bogotraveltours","twitter_misc":{"Tiempo de lectura":"1 minuto"},"schema":{"@context":"https:\/\/schema.org","@graph":[{"@type":"WebPage","@id":"https:\/\/www.bogotraveltours.com\/es\/empleos\/bogota\/","url":"https:\/\/www.bogotraveltours.com\/es\/empleos\/bogota\/","name":"Empleos Agencia viajes, Agente comercial biling\u00fce, Contador Bogota","isPartOf":{"@id":"https:\/\/www.bogotraveltours.com\/es\/#website"},"datePublished":"2018-09-28T00:15:01+00:00","dateModified":"2023-10-04T02:24:53+00:00","description":"Empleos Bogota, Empleo gu\u00eda tur\u00edstico Bogota, Empleo agencia de viajes Bogota, Ofertas de trabajo en turismo Bogota. Auxiliar adminitrativa biling\u00fce con experiencia,","breadcrumb":{"@id":"https:\/\/www.bogotraveltours.com\/es\/empleos\/bogota\/#breadcrumb"},"inLanguage":"es","potentialAction":[{"@type":"ReadAction","target":["https:\/\/www.bogotraveltours.com\/es\/empleos\/bogota\/"]}]},{"@type":"BreadcrumbList","@id":"https:\/\/www.bogotraveltours.com\/es\/empleos\/bogota\/#breadcrumb","itemListElement":[{"@type":"ListItem","position":1,"name":"Portada","item":"https:\/\/www.bogotraveltours.com\/es\/"},{"@type":"ListItem","position":2,"name":"EMPLEOS"}]},{"@type":"WebSite","@id":"https:\/\/www.bogotraveltours.com\/es\/#website","url":"https:\/\/www.bogotraveltours.com\/es\/","name":"Bogotravel Tours","description":"Enjoy the best Bogota City tours, Tours salt cathedral Zipaquira Guatavita, tours en bicicleta bogot\u00e1, graffiti tours, Coffee plantation tour, ...","publisher":{"@id":"https:\/\/www.bogotraveltours.com\/es\/#organization"},"potentialAction":[{"@type":"SearchAction","target":{"@type":"EntryPoint","urlTemplate":"https:\/\/www.bogotraveltours.com\/es\/?s={search_term_string}"},"query-input":{"@type":"PropertyValueSpecification","valueRequired":true,"valueName":"search_term_string"}}],"inLanguage":"es"},{"@type":"Organization","@id":"https:\/\/www.bogotraveltours.com\/es\/#organization","name":"Bogotravel Tours","url":"https:\/\/www.bogotraveltours.com\/es\/","logo":{"@type":"ImageObject","inLanguage":"es","@id":"https:\/\/www.bogotraveltours.com\/es\/#\/schema\/logo\/image\/","url":"https:\/\/www.bogotraveltours.com\/wp-content\/uploads\/logo-bogotravel-tours-header-2020.png","contentUrl":"https:\/\/www.bogotraveltours.com\/wp-content\/uploads\/logo-bogotravel-tours-header-2020.png","width":490,"height":93,"caption":"Bogotravel Tours"},"image":{"@id":"https:\/\/www.bogotraveltours.com\/es\/#\/schema\/logo\/image\/"},"sameAs":["https:\/\/www.facebook.com\/Bogotraveltours\/","https:\/\/x.com\/bogotraveltours","https:\/\/twitter.com\/bogotraveltours","https:\/\/www.youtube.com\/channel\/UCScz82LsqihomkFKlwT0EMw?view_as=subscriber"]}]}},"_links":{"self":[{"href":"https:\/\/www.bogotraveltours.com\/es\/wp-json\/wp\/v2\/pages\/4828","targetHints":{"allow":["GET"]}}],"collection":[{"href":"https:\/\/www.bogotraveltours.com\/es\/wp-json\/wp\/v2\/pages"}],"about":[{"href":"https:\/\/www.bogotraveltours.com\/es\/wp-json\/wp\/v2\/types\/page"}],"author":[{"embeddable":true,"href":"https:\/\/www.bogotraveltours.com\/es\/wp-json\/wp\/v2\/users\/6"}],"replies":[{"embeddable":true,"href":"https:\/\/www.bogotraveltours.com\/es\/wp-json\/wp\/v2\/comments?post=4828"}],"version-history":[{"count":43,"href":"https:\/\/www.bogotraveltours.com\/es\/wp-json\/wp\/v2\/pages\/4828\/revisions"}],"predecessor-version":[{"id":16365,"href":"https:\/\/www.bogotraveltours.com\/es\/wp-json\/wp\/v2\/pages\/4828\/revisions\/16365"}],"wp:attachment":[{"href":"https:\/\/www.bogotraveltours.com\/es\/wp-json\/wp\/v2\/media?parent=4828"}],"curies":[{"name":"wp","href":"https:\/\/api.w.org\/{rel}","templated":true}]}}