{"id":4969,"date":"2018-10-14T03:31:51","date_gmt":"2018-10-14T03:31:51","guid":{"rendered":"http:\/\/www.bogotraveltours.com\/?page_id=4969"},"modified":"2023-10-02T17:45:25","modified_gmt":"2023-10-02T22:45:25","slug":"politicas-cancelacion-tours-colombia","status":"publish","type":"page","link":"https:\/\/www.bogotraveltours.com\/es\/politicas-cancelacion-reserva-paquetes-turisticos-colombia\/","title":{"rendered":"POLITICAS CANCELACI\u00d3N Y PAQUETES TURITICOS COLOMBIA"},"content":{"rendered":"<div class=\"wpb-content-wrapper\"><p>[vc_row][vc_column][vc_column_text]<\/p>\n<h3><\/h3>\n<p>&nbsp;<\/p>\n<p>&nbsp;<\/p>\n<h2 style=\"text-align: center;\"><strong>POL\u00cdTICAS DE CANCELACI\u00d3N Y RESERVA PARA PAQUETES TURISTICOS EN COLOMBIA.<\/strong><\/h2>\n<p>&nbsp;<\/p>\n<p><img decoding=\"async\" class=\"\" src=\"http:\/\/www.bogotraveltours.com\/wp-content\/uploads\/2016\/10\/bullet-flecha.png\" width=\"11\" height=\"11\" \/> <strong>P.1. &#8211; <\/strong>Para garantizar la reserva del servicio tur\u00edstico se solicitar\u00e1 un deposito con anticipaci\u00f3n de m\u00ednimo 50% del valor total de la excursi\u00f3n, plan o tour y la cantidad de saldo debe ser pagado en efectivo al comienzo de la gira.<\/p>\n<p>Tenga en cuenta nuestras montos de devoluci\u00f3n por cancelaciones realizadas durante los siguientes plazos:<\/p>\n<p>1. Si el cliente solicita la cancelaci\u00f3n del paquete tur\u00edstico con 45 d\u00edas o m\u00e1s de anticipaci\u00f3n, ofrecemos el reembolso del 90% del 50% del monto total del tour. (<strong><em>El valor de la devoluci\u00f3n esta condicionada a : si posterior a la reserva se incurrido en gastos o costos externos fuera de nuestro control lo cuales no cuentan con devoluci\u00f3n como en algunos casos Hoteles y vuelos, en casos de que se haya incurrido en gastos o costos ser\u00e1n descontados del valor pagado de la reserva<\/em><\/strong>).<\/p>\n<p>2. Si el cliente solicita la cancelaci\u00f3n del paquete tur\u00edstico de 44 d\u00edas a 30 d\u00edas antes de la fecha del tour reservado, ofrecemos el reembolso del 20% del 50% del monto total del tour. (<strong><em>El valor de la devoluci\u00f3n esta condicionada a : si posterior a la reserva se incurrido en gastos o costos externos fuera de nuestro control lo cuales no cuentan con devoluci\u00f3n como en algunos casos Hoteles y vuelos, en casos de que se haya incurrido en gastos o costos ser\u00e1n descontados del valor pagado de la reserva<\/em><\/strong>).<\/p>\n<p>3. Si el cliente solicita la cancelaci\u00f3n del paquete tur\u00edstico 29 d\u00edas o menos, no haremos ning\u00fan reembolso.<\/p>\n<p><img decoding=\"async\" class=\"\" src=\"http:\/\/www.bogotraveltours.com\/wp-content\/uploads\/2016\/10\/bullet-flecha.png\" width=\"11\" height=\"11\" \/>\u00a0<strong>P.2. &#8211; <\/strong>Si el cliente realiza un pago menor a 50% del total del valor del plan no garantizamos un desarrollo satisfactorio del servicio, ya que el m\u00ednimo para confirmar la reserva es del 50% del valor total de la reserva o del paquete tur\u00edstico.<\/p>\n<p><img decoding=\"async\" class=\"\" src=\"http:\/\/www.bogotraveltours.com\/wp-content\/uploads\/2016\/10\/bullet-flecha.png\" width=\"11\" height=\"11\" \/>\u00a0<strong>P.3. &#8211;<\/strong> <strong>CANCELACIONES CAUSADAS POR SITUACIONES DE FUERZA MAYOR:<\/strong> Consideraremos razones de fuerza mayor y sin importar la fecha de la cancelaci\u00f3n; cierres de aeropuertos por tentativa de terrorismo o por prevenci\u00f3n y control de epidemias y\/o pandemias, incluyendo el cierre de aeropuertos por COVID 19. Por situaciones extraordinarias de salud; como padecimientos de enfermedades graves que imposibiliten el desarrollo del servicios reservado o muerte de integrantes de la reserva.<\/p>\n<p>Para los casos anteriores pueda que se soliciten documentos de prueba para sustentar la cancelaci\u00f3n. En estos casos haremos lo posible para generar la devoluci\u00f3n del valor total abonado, sin garantizar que podamos hacerlo ya que tendremos que descontar los costos de valores incurridos en la reserva y proveedores. El tiempo de devoluci\u00f3n puede variar seg\u00fan el caso y fecha de cancelaci\u00f3n.<\/p>\n<p>Bogotravel tours no har\u00e1 devoluciones por razones fuera de los aqu\u00ed anteriormente informados, Ejemplo: por cancelaciones o problemas de clientes con VISAS, por falta de vacunas, vencimiento de seguros de viaje, cancelaciones de vuelos por razones diferentes a las expuestas anteriormente, cambios de vuelos y sin devoluci\u00f3n.<\/p>\n<p>Bogotravel tours no har\u00e1 devoluci\u00f3n del valor depositado por el cliente POR CANCELACIONES luego del pago del 50% y su respectiva reserva. Si el motivo de la cancelaci\u00f3n es por razones de fuerza mayor relacionados con incidentes en relaci\u00f3n a la aerol\u00ednea, solo en estos casos se deber\u00e1 demostrar las pruebas para evaluar qu\u00e9 porcentaje ser\u00eda posible retornar. Sin embargo, NO garantizamos el retorno ni parcial ni total del dep\u00f3sito.<\/p>\n<p><img decoding=\"async\" class=\"\" src=\"http:\/\/www.bogotraveltours.com\/wp-content\/uploads\/2016\/10\/bullet-flecha.png\" width=\"11\" height=\"11\" \/>\u00a0<strong>P.4. &#8211; <\/strong>Si el tour fue reservado para un grupo de personas, el valor de ese tour corresponde a ese mismo determinado n\u00famero de personas y su valor as\u00ed mismo puede aumentar o disminuir. Por esta raz\u00f3n se recomienda que el cliente confirme y haga la reserva cuando tenga total y absoluta certeza, del n\u00famero de personas que tomaran el servicio. Ya que en caso de que el n\u00famero de personas a reservar sea diferente se replantear\u00eda la reserva con el nuevo precio acorde al nuevo n\u00famero de personas.<\/p>\n<p><img decoding=\"async\" class=\"\" src=\"http:\/\/www.bogotraveltours.com\/wp-content\/uploads\/2016\/10\/bullet-flecha.png\" width=\"11\" height=\"11\" \/>\u00a0<strong>P.5. <\/strong><b>&#8211;<\/b> Para cualquier plan\u00a0tur\u00edstico\u00a0o paquete tur\u00edstico que deba iniciar desde otra ciudad que no sea Bogot\u00e1, se solicitara el pago del 100% del total del tour debido a que el pago del total del servicios deber\u00e1 haberse hecho entre el primer y segundo dia en Bogot\u00e1.<\/p>\n<p><img decoding=\"async\" class=\"\" src=\"http:\/\/www.bogotraveltours.com\/wp-content\/uploads\/2016\/10\/bullet-flecha.png\" width=\"11\" height=\"11\" \/>\u00a0<b>P.6. &#8211; <\/b>Para los casos en que el cliente deba hacer cancelaciones durante el desarrollo del paquete tur\u00edstico a casusa de cambios en horarios de vuelos durante el desarrollo del paquete tur\u00edstico. Consideraremos la posibilidad de poder devolver hasta un 50% del valor total de los costos y servicios reservados para el mismo dia afectado por el cambio.<\/p>\n<p>&nbsp;<\/p>\n<p style=\"text-align: center;\"><strong>Cuando el cliente reserve cualquier servicio o tour con nosotros, el cliente est\u00e1 de acuerdo, entiende y acepta las pol\u00edticas, t\u00e9rminos y condiciones de <em>Bogotravel tours<\/em><\/strong><\/p>\n<p>[\/vc_column_text][\/vc_column][\/vc_row][vc_row full_width=\u00bbstretch_row_content_no_spaces\u00bb type=\u00bbvc_default\u00bb css=\u00bb.vc_custom_1480431350474{margin-top: 3% !important;margin-bottom: 0px !important;padding-bottom: 0px !important;}\u00bb el_class=\u00bbgooglemap\u00bb][vc_column][vc_gmaps link=\u00bb#E-8_JTNDaWZyYW1lJTIwc3JjJTNEJTIyaHR0cHMlM0ElMkYlMkZ3d3cuZ29vZ2xlLmNvbSUyRm1hcHMlMkZlbWJlZCUzRnBiJTNEJTIxMW0xOCUyMTFtMTIlMjExbTMlMjExZDM5NzYuOTcyMDEwMDc4ODU0NSUyMTJkLTc0LjA3MDgyMjE4NTk3OTcyJTIxM2Q0LjU5OTAzNjY0MzgxMzA5MyUyMTJtMyUyMTFmMCUyMTJmMCUyMTNmMCUyMTNtMiUyMTFpMTAyNCUyMTJpNzY4JTIxNGYxMy4xJTIxM20zJTIxMW0yJTIxMXMweDhlM2Y5OWE0NWJkZTRlNzElMjUzQTB4OGEyOGJjNDY5M2EwMTllZCUyMTJzQm9nb3RyYXZlbCUyQlRvdXJzJTIxNWUwJTIxM20yJTIxMXNlcy00MTklMjEyc2NvJTIxNHYxNTI2OTQ2NjgzMjE1JTIyJTIwd2lkdGglM0QlMjIxOTIwJTIyJTIwaGVpZ2h0JTNEJTIyMzAwJTIyJTIwZnJhbWVib3JkZXIlM0QlMjIwJTIyJTIwc3R5bGUlM0QlMjJib3JkZXIlM0EwJTIyJTIwYWxsb3dmdWxsc2NyZWVuJTNFJTNDJTJGaWZyYW1lJTNFJTIwJTIwJTIw\u00bb size=\u00bb300&#8243; css=\u00bb.vc_custom_1538461884113{margin-bottom: 0px !important;padding-bottom: 0px !important;}\u00bb el_class=\u00bbmapa\u00bb][\/vc_column][\/vc_row]<\/p>\n<\/div>","protected":false},"excerpt":{"rendered":"<p>[vc_row][vc_column][vc_column_text] &nbsp; &nbsp; POL\u00cdTICAS DE CANCELACI\u00d3N Y RESERVA PARA PAQUETES TURISTICOS EN COLOMBIA. &nbsp; P.1. &#8211; Para garantizar la reserva del servicio tur\u00edstico se solicitar\u00e1 un deposito con anticipaci\u00f3n de m\u00ednimo 50% del valor total de la excursi\u00f3n, plan o tour y la cantidad de saldo debe ser pagado en efectivo al comienzo de la&hellip;<\/p>\n","protected":false},"author":6,"featured_media":0,"parent":0,"menu_order":0,"comment_status":"closed","ping_status":"closed","template":"","meta":{"_joinchat":[],"footnotes":""},"class_list":["post-4969","page","type-page","status-publish","hentry","description-off"],"yoast_head":"<!-- This site is optimized with the Yoast SEO plugin v27.2 - https:\/\/yoast.com\/product\/yoast-seo-wordpress\/ -->\n<title>POLITICAS DE CANCELACION Y RESERVA TOURS COLOMBIA | Bogotravel tours<\/title>\n<meta name=\"robots\" content=\"index, follow, max-snippet:-1, max-image-preview:large, max-video-preview:-1\" \/>\n<link rel=\"canonical\" href=\"https:\/\/www.bogotraveltours.com\/es\/politicas-cancelacion-reserva-paquetes-turisticos-colombia\/\" \/>\n<meta property=\"og:locale\" content=\"es_ES\" \/>\n<meta property=\"og:type\" content=\"article\" \/>\n<meta property=\"og:title\" content=\"POLITICAS DE CANCELACION Y RESERVA TOURS COLOMBIA | Bogotravel tours\" \/>\n<meta property=\"og:description\" content=\"[vc_row][vc_column][vc_column_text] &nbsp; &nbsp; POL\u00cdTICAS DE CANCELACI\u00d3N Y RESERVA PARA PAQUETES TURISTICOS EN COLOMBIA. &nbsp; P.1. &#8211; Para garantizar la reserva del servicio tur\u00edstico se solicitar\u00e1 un deposito con anticipaci\u00f3n de m\u00ednimo 50% del valor total de la excursi\u00f3n, plan o tour y la cantidad de saldo debe ser pagado en efectivo al comienzo de la&hellip;\" \/>\n<meta property=\"og:url\" content=\"https:\/\/www.bogotraveltours.com\/es\/politicas-cancelacion-reserva-paquetes-turisticos-colombia\/\" \/>\n<meta property=\"og:site_name\" content=\"Bogotravel Tours\" \/>\n<meta property=\"article:publisher\" content=\"https:\/\/www.facebook.com\/Bogotraveltours\/\" \/>\n<meta property=\"article:modified_time\" content=\"2023-10-02T22:45:25+00:00\" \/>\n<meta property=\"og:image\" content=\"http:\/\/www.bogotraveltours.com\/wp-content\/uploads\/2016\/10\/bullet-flecha.png\" \/>\n<meta name=\"twitter:card\" content=\"summary_large_image\" \/>\n<meta name=\"twitter:site\" content=\"@bogotraveltours\" \/>\n<meta name=\"twitter:label1\" content=\"Tiempo de lectura\" \/>\n\t<meta name=\"twitter:data1\" content=\"5 minutos\" \/>\n<script type=\"application\/ld+json\" class=\"yoast-schema-graph\">{\"@context\":\"https:\/\/schema.org\",\"@graph\":[{\"@type\":\"WebPage\",\"@id\":\"https:\/\/www.bogotraveltours.com\/es\/politicas-cancelacion-reserva-paquetes-turisticos-colombia\/\",\"url\":\"https:\/\/www.bogotraveltours.com\/es\/politicas-cancelacion-reserva-paquetes-turisticos-colombia\/\",\"name\":\"POLITICAS DE CANCELACION Y RESERVA TOURS COLOMBIA | Bogotravel tours\",\"isPartOf\":{\"@id\":\"https:\/\/www.bogotraveltours.com\/es\/#website\"},\"primaryImageOfPage\":{\"@id\":\"https:\/\/www.bogotraveltours.com\/es\/politicas-cancelacion-reserva-paquetes-turisticos-colombia\/#primaryimage\"},\"image\":{\"@id\":\"https:\/\/www.bogotraveltours.com\/es\/politicas-cancelacion-reserva-paquetes-turisticos-colombia\/#primaryimage\"},\"thumbnailUrl\":\"http:\/\/www.bogotraveltours.com\/wp-content\/uploads\/2016\/10\/bullet-flecha.png\",\"datePublished\":\"2018-10-14T03:31:51+00:00\",\"dateModified\":\"2023-10-02T22:45:25+00:00\",\"breadcrumb\":{\"@id\":\"https:\/\/www.bogotraveltours.com\/es\/politicas-cancelacion-reserva-paquetes-turisticos-colombia\/#breadcrumb\"},\"inLanguage\":\"es\",\"potentialAction\":[{\"@type\":\"ReadAction\",\"target\":[\"https:\/\/www.bogotraveltours.com\/es\/politicas-cancelacion-reserva-paquetes-turisticos-colombia\/\"]}]},{\"@type\":\"ImageObject\",\"inLanguage\":\"es\",\"@id\":\"https:\/\/www.bogotraveltours.com\/es\/politicas-cancelacion-reserva-paquetes-turisticos-colombia\/#primaryimage\",\"url\":\"http:\/\/www.bogotraveltours.com\/wp-content\/uploads\/2016\/10\/bullet-flecha.png\",\"contentUrl\":\"http:\/\/www.bogotraveltours.com\/wp-content\/uploads\/2016\/10\/bullet-flecha.png\"},{\"@type\":\"BreadcrumbList\",\"@id\":\"https:\/\/www.bogotraveltours.com\/es\/politicas-cancelacion-reserva-paquetes-turisticos-colombia\/#breadcrumb\",\"itemListElement\":[{\"@type\":\"ListItem\",\"position\":1,\"name\":\"Portada\",\"item\":\"https:\/\/www.bogotraveltours.com\/es\/\"},{\"@type\":\"ListItem\",\"position\":2,\"name\":\"POLITICAS CANCELACI\u00d3N Y PAQUETES TURITICOS COLOMBIA\"}]},{\"@type\":\"WebSite\",\"@id\":\"https:\/\/www.bogotraveltours.com\/es\/#website\",\"url\":\"https:\/\/www.bogotraveltours.com\/es\/\",\"name\":\"Bogotravel Tours\",\"description\":\"Enjoy the best Bogota City tours, Tours salt cathedral Zipaquira Guatavita, tours en bicicleta bogot\u00e1, graffiti tours, Coffee plantation tour, ...\",\"publisher\":{\"@id\":\"https:\/\/www.bogotraveltours.com\/es\/#organization\"},\"potentialAction\":[{\"@type\":\"SearchAction\",\"target\":{\"@type\":\"EntryPoint\",\"urlTemplate\":\"https:\/\/www.bogotraveltours.com\/es\/?s={search_term_string}\"},\"query-input\":{\"@type\":\"PropertyValueSpecification\",\"valueRequired\":true,\"valueName\":\"search_term_string\"}}],\"inLanguage\":\"es\"},{\"@type\":\"Organization\",\"@id\":\"https:\/\/www.bogotraveltours.com\/es\/#organization\",\"name\":\"Bogotravel Tours\",\"url\":\"https:\/\/www.bogotraveltours.com\/es\/\",\"logo\":{\"@type\":\"ImageObject\",\"inLanguage\":\"es\",\"@id\":\"https:\/\/www.bogotraveltours.com\/es\/#\/schema\/logo\/image\/\",\"url\":\"https:\/\/www.bogotraveltours.com\/wp-content\/uploads\/logo-bogotravel-tours-header-2020.png\",\"contentUrl\":\"https:\/\/www.bogotraveltours.com\/wp-content\/uploads\/logo-bogotravel-tours-header-2020.png\",\"width\":490,\"height\":93,\"caption\":\"Bogotravel Tours\"},\"image\":{\"@id\":\"https:\/\/www.bogotraveltours.com\/es\/#\/schema\/logo\/image\/\"},\"sameAs\":[\"https:\/\/www.facebook.com\/Bogotraveltours\/\",\"https:\/\/x.com\/bogotraveltours\",\"https:\/\/twitter.com\/bogotraveltours\",\"https:\/\/www.youtube.com\/channel\/UCScz82LsqihomkFKlwT0EMw?view_as=subscriber\"]}]}<\/script>\n<!-- \/ Yoast SEO plugin. -->","yoast_head_json":{"title":"POLITICAS DE CANCELACION Y RESERVA TOURS COLOMBIA | Bogotravel tours","robots":{"index":"index","follow":"follow","max-snippet":"max-snippet:-1","max-image-preview":"max-image-preview:large","max-video-preview":"max-video-preview:-1"},"canonical":"https:\/\/www.bogotraveltours.com\/es\/politicas-cancelacion-reserva-paquetes-turisticos-colombia\/","og_locale":"es_ES","og_type":"article","og_title":"POLITICAS DE CANCELACION Y RESERVA TOURS COLOMBIA | Bogotravel tours","og_description":"[vc_row][vc_column][vc_column_text] &nbsp; &nbsp; POL\u00cdTICAS DE CANCELACI\u00d3N Y RESERVA PARA PAQUETES TURISTICOS EN COLOMBIA. &nbsp; P.1. &#8211; Para garantizar la reserva del servicio tur\u00edstico se solicitar\u00e1 un deposito con anticipaci\u00f3n de m\u00ednimo 50% del valor total de la excursi\u00f3n, plan o tour y la cantidad de saldo debe ser pagado en efectivo al comienzo de la&hellip;","og_url":"https:\/\/www.bogotraveltours.com\/es\/politicas-cancelacion-reserva-paquetes-turisticos-colombia\/","og_site_name":"Bogotravel Tours","article_publisher":"https:\/\/www.facebook.com\/Bogotraveltours\/","article_modified_time":"2023-10-02T22:45:25+00:00","og_image":[{"url":"http:\/\/www.bogotraveltours.com\/wp-content\/uploads\/2016\/10\/bullet-flecha.png","type":"","width":"","height":""}],"twitter_card":"summary_large_image","twitter_site":"@bogotraveltours","twitter_misc":{"Tiempo de lectura":"5 minutos"},"schema":{"@context":"https:\/\/schema.org","@graph":[{"@type":"WebPage","@id":"https:\/\/www.bogotraveltours.com\/es\/politicas-cancelacion-reserva-paquetes-turisticos-colombia\/","url":"https:\/\/www.bogotraveltours.com\/es\/politicas-cancelacion-reserva-paquetes-turisticos-colombia\/","name":"POLITICAS DE CANCELACION Y RESERVA TOURS COLOMBIA | Bogotravel tours","isPartOf":{"@id":"https:\/\/www.bogotraveltours.com\/es\/#website"},"primaryImageOfPage":{"@id":"https:\/\/www.bogotraveltours.com\/es\/politicas-cancelacion-reserva-paquetes-turisticos-colombia\/#primaryimage"},"image":{"@id":"https:\/\/www.bogotraveltours.com\/es\/politicas-cancelacion-reserva-paquetes-turisticos-colombia\/#primaryimage"},"thumbnailUrl":"http:\/\/www.bogotraveltours.com\/wp-content\/uploads\/2016\/10\/bullet-flecha.png","datePublished":"2018-10-14T03:31:51+00:00","dateModified":"2023-10-02T22:45:25+00:00","breadcrumb":{"@id":"https:\/\/www.bogotraveltours.com\/es\/politicas-cancelacion-reserva-paquetes-turisticos-colombia\/#breadcrumb"},"inLanguage":"es","potentialAction":[{"@type":"ReadAction","target":["https:\/\/www.bogotraveltours.com\/es\/politicas-cancelacion-reserva-paquetes-turisticos-colombia\/"]}]},{"@type":"ImageObject","inLanguage":"es","@id":"https:\/\/www.bogotraveltours.com\/es\/politicas-cancelacion-reserva-paquetes-turisticos-colombia\/#primaryimage","url":"http:\/\/www.bogotraveltours.com\/wp-content\/uploads\/2016\/10\/bullet-flecha.png","contentUrl":"http:\/\/www.bogotraveltours.com\/wp-content\/uploads\/2016\/10\/bullet-flecha.png"},{"@type":"BreadcrumbList","@id":"https:\/\/www.bogotraveltours.com\/es\/politicas-cancelacion-reserva-paquetes-turisticos-colombia\/#breadcrumb","itemListElement":[{"@type":"ListItem","position":1,"name":"Portada","item":"https:\/\/www.bogotraveltours.com\/es\/"},{"@type":"ListItem","position":2,"name":"POLITICAS CANCELACI\u00d3N Y PAQUETES TURITICOS COLOMBIA"}]},{"@type":"WebSite","@id":"https:\/\/www.bogotraveltours.com\/es\/#website","url":"https:\/\/www.bogotraveltours.com\/es\/","name":"Bogotravel Tours","description":"Enjoy the best Bogota City tours, Tours salt cathedral Zipaquira Guatavita, tours en bicicleta bogot\u00e1, graffiti tours, Coffee plantation tour, ...","publisher":{"@id":"https:\/\/www.bogotraveltours.com\/es\/#organization"},"potentialAction":[{"@type":"SearchAction","target":{"@type":"EntryPoint","urlTemplate":"https:\/\/www.bogotraveltours.com\/es\/?s={search_term_string}"},"query-input":{"@type":"PropertyValueSpecification","valueRequired":true,"valueName":"search_term_string"}}],"inLanguage":"es"},{"@type":"Organization","@id":"https:\/\/www.bogotraveltours.com\/es\/#organization","name":"Bogotravel Tours","url":"https:\/\/www.bogotraveltours.com\/es\/","logo":{"@type":"ImageObject","inLanguage":"es","@id":"https:\/\/www.bogotraveltours.com\/es\/#\/schema\/logo\/image\/","url":"https:\/\/www.bogotraveltours.com\/wp-content\/uploads\/logo-bogotravel-tours-header-2020.png","contentUrl":"https:\/\/www.bogotraveltours.com\/wp-content\/uploads\/logo-bogotravel-tours-header-2020.png","width":490,"height":93,"caption":"Bogotravel Tours"},"image":{"@id":"https:\/\/www.bogotraveltours.com\/es\/#\/schema\/logo\/image\/"},"sameAs":["https:\/\/www.facebook.com\/Bogotraveltours\/","https:\/\/x.com\/bogotraveltours","https:\/\/twitter.com\/bogotraveltours","https:\/\/www.youtube.com\/channel\/UCScz82LsqihomkFKlwT0EMw?view_as=subscriber"]}]}},"_links":{"self":[{"href":"https:\/\/www.bogotraveltours.com\/es\/wp-json\/wp\/v2\/pages\/4969","targetHints":{"allow":["GET"]}}],"collection":[{"href":"https:\/\/www.bogotraveltours.com\/es\/wp-json\/wp\/v2\/pages"}],"about":[{"href":"https:\/\/www.bogotraveltours.com\/es\/wp-json\/wp\/v2\/types\/page"}],"author":[{"embeddable":true,"href":"https:\/\/www.bogotraveltours.com\/es\/wp-json\/wp\/v2\/users\/6"}],"replies":[{"embeddable":true,"href":"https:\/\/www.bogotraveltours.com\/es\/wp-json\/wp\/v2\/comments?post=4969"}],"version-history":[{"count":9,"href":"https:\/\/www.bogotraveltours.com\/es\/wp-json\/wp\/v2\/pages\/4969\/revisions"}],"predecessor-version":[{"id":16362,"href":"https:\/\/www.bogotraveltours.com\/es\/wp-json\/wp\/v2\/pages\/4969\/revisions\/16362"}],"wp:attachment":[{"href":"https:\/\/www.bogotraveltours.com\/es\/wp-json\/wp\/v2\/media?parent=4969"}],"curies":[{"name":"wp","href":"https:\/\/api.w.org\/{rel}","templated":true}]}}