{"id":5889,"date":"2019-05-20T03:33:32","date_gmt":"2019-05-20T03:33:32","guid":{"rendered":"http:\/\/www.bogotraveltours.com\/?page_id=5889"},"modified":"2025-07-25T12:41:32","modified_gmt":"2025-07-25T17:41:32","slug":"empleos-bogota-guia-turistico","status":"publish","type":"page","link":"https:\/\/www.bogotraveltours.com\/es\/empleos-bogota-guia-turistico\/","title":{"rendered":"EMPLEO GUIA TURISTICO"},"content":{"rendered":"<div class=\"wpb-content-wrapper\"><p>[vc_row gap=\u00bb10&#8243; type=\u00bbvc_default\u00bb css=\u00bb.vc_custom_1478729915300{margin-top: 2% !important;}\u00bb][vc_column css=\u00bb.vc_custom_1478727436005{margin-top: 0px !important;}\u00bb][vc_column_text css=\u00bb.vc_custom_1539130337918{margin-top: 0% !important;background-color: #f2f2f2 !important;}\u00bb]<\/p>\n<p style=\"text-align: center;\"><span class=\"rojo\" style=\"color: #000000; font-size: 1.5em;\"><strong>TRABAJA CON NOSOTROS<br \/>\n<\/strong><\/span><\/p>\n<p>[\/vc_column_text][vc_text_separator title=\u00bbGUIA TURISTICO \/ INFORMADOR DE TURISMO, BOGOT\u00c1\u00bb i_icon_fontawesome=\u00bbfa fa-street-view\u00bb i_color=\u00bbcustom\u00bb i_custom_color=\u00bb#eeee22&#8243; i_size=\u00bblg\u00bb title_align=\u00bbseparator_align_left\u00bb color=\u00bbblack\u00bb border_width=\u00bb2&#8243; css_animation=\u00bbfadeInDown\u00bb add_icon=\u00bbtrue\u00bb][\/vc_column][\/vc_row][vc_row margin_top=\u00bb50px\u00bb][vc_column][vc_accordion active_tab=\u00bb1&#8243; collapsible=\u00bbyes\u00bb title_size=\u00bbh3&#8243; style=\u00bb3&#8243; title=\u00bbVACANTE DISPONIBLES 2025&#8243;][vc_accordion_tab title=\u00bbGUIA TURISTICO \/ INFORMADOR DE TURISMO, BOGOT\u00c1\u00bb][vc_column_text]<\/p>\n<p style=\"padding-left: 30px;\">Buscamos personas que desean aplicar para la vacante de GU\u00cdA DE TURISMO en Bogot\u00e1, para el desarrollo de guianza e informaci\u00f3n tur\u00edstica por Bogot\u00e1.<\/p>\n<p style=\"padding-left: 30px;\">La labor a desarrollar es; Guianza, acompa\u00f1amiento, traducci\u00f3n, log\u00edstica en los diferentes servicios tur\u00edsticos en Bogot\u00e1, aplicando conocimiento hist\u00f3rico, pol\u00edtico y cultural de Colombia en cada servicio.<\/p>\n<p style=\"padding-left: 30px;\"><strong>REQUISITOS:<\/strong><\/p>\n<p style=\"padding-left: 30px;\"><img decoding=\"async\" src=\"http:\/\/www.bogotraveltours.com\/wp-content\/uploads\/2016\/10\/bullet-flecha.png\" width=\"10\" height=\"10\" \/>\u00a0Muy buen dominio \u00abconversacional\u00bb del Idioma INGLES. (<em><strong>Debes ser biling\u00fce<\/strong><\/em>).<\/p>\n<p style=\"padding-left: 30px;\"><img decoding=\"async\" src=\"http:\/\/www.bogotraveltours.com\/wp-content\/uploads\/2016\/10\/bullet-flecha.png\" width=\"10\" height=\"10\" \/>\u00a0Conocimientos precisos en historia y cultura general de Colombia.<\/p>\n<p style=\"padding-left: 30px;\"><img decoding=\"async\" src=\"http:\/\/www.bogotraveltours.com\/wp-content\/uploads\/2016\/10\/bullet-flecha.png\" width=\"10\" height=\"10\" \/>\u00a0Conocimientos concretos en temas hist\u00f3ricos relevantes de Colombia, y cultura general de Colombia, historia conflicto armado y matices, historia reciente de Colombia (2002 &#8211; 2018), arte, pol\u00edtica Colombiana y exigimos conocimientos hist\u00f3ricos en los lugares mas antiguos, tur\u00edsticos y representativos de Bogot\u00e1.<\/p>\n<p style=\"padding-left: 30px;\"><img decoding=\"async\" src=\"http:\/\/www.bogotraveltours.com\/wp-content\/uploads\/2016\/10\/bullet-flecha.png\" width=\"10\" height=\"10\" \/>\u00a0Oriundo de Colombia (No se aceptan Extranjeros).<\/p>\n<p style=\"padding-left: 30px;\"><img decoding=\"async\" src=\"http:\/\/www.bogotraveltours.com\/wp-content\/uploads\/2016\/10\/bullet-flecha.png\" width=\"10\" height=\"10\" \/>\u00a0Debes ser mayor de 22 a\u00f1os preferiblemente<\/p>\n<p style=\"padding-left: 30px;\"><strong>Solicitamos muy buen dominio \u00abconversacional\u00bb del Idioma Ingles.<\/strong><\/p>\n<p style=\"padding-left: 30px;\"><span style=\"color: #ff0000;\"><strong>APTITUDES REQUERIDAS:<\/strong><\/span><\/p>\n<p style=\"padding-left: 30px;\"><img decoding=\"async\" src=\"http:\/\/www.bogotraveltours.com\/wp-content\/uploads\/2016\/10\/bullet-flecha.png\" width=\"10\" height=\"10\" \/>\u00a0Extrovertido(a) en publico, exteriores y frente a temas hist\u00f3ricos.<\/p>\n<p style=\"padding-left: 30px;\"><img decoding=\"async\" src=\"http:\/\/www.bogotraveltours.com\/wp-content\/uploads\/2016\/10\/bullet-flecha.png\" width=\"10\" height=\"10\" \/>\u00a0Aptitud de servicio al cliente Sociable.<\/p>\n<p style=\"padding-left: 30px;\"><img decoding=\"async\" src=\"http:\/\/www.bogotraveltours.com\/wp-content\/uploads\/2016\/10\/bullet-flecha.png\" width=\"10\" height=\"10\" \/>\u00a0Control bajo estr\u00e9s (paciencia frente a situaciones de tensi\u00f3n baja-media).<\/p>\n<p style=\"padding-left: 30px;\"><img decoding=\"async\" src=\"http:\/\/www.bogotraveltours.com\/wp-content\/uploads\/2016\/10\/bullet-flecha.png\" width=\"10\" height=\"10\" \/>\u00a0Puntual (Prioritario) &#8211; Responsabilidad y Honestidad\u00a0 (Aptitudes evaluadas durante el inicio).<\/p>\n<p style=\"padding-left: 30px;\"><em>Priorizamos las personas que apliquen para esta vacante con disponibilidad de trabajo de 6 meses <strong>m\u00ednimo<\/strong>. NO aceptamos personas con disponibilidad para trabajar solamente por periodo de Vacaciones o un par de meses.<\/em><\/p>\n<p style=\"padding-left: 30px;\"><strong><span style=\"color: #ff0000;\">Horario laboral:<\/span> <\/strong><\/p>\n<p style=\"padding-left: 30px;\"><img decoding=\"async\" src=\"http:\/\/www.bogotraveltours.com\/wp-content\/uploads\/2016\/10\/bullet-flecha.png\" width=\"10\" height=\"10\" \/>\u00a0No debes cumplir horario permanente. Promedio 6 Horas al d\u00eda. No se establecen horarios y d\u00edas por la naturaleza del trabajo.<\/p>\n<p style=\"padding-left: 30px;\">Ingreso inicial: De $900.000 a $1.500.000 pesos promedio iniciales + Propinas. (Los ingresos son variables sujeto a su experiencia, satisfacci\u00f3n del cliente, tiempo laborado, horas por d\u00eda, tipo de actividad y numero de personas).<\/p>\n<p style=\"padding-left: 30px;\">RECIBIMOS HOJAS DE VIDA A NUESTRO <strong>EMAIL<\/strong>: <span style=\"color: #3366ff;\"><strong>bogotraveltours.empleos@gmail.com<\/strong><\/span><\/p>\n<p style=\"padding-left: 30px;\">Para mas informaci\u00f3n sobre esta vacante: (601)2431637 &#8211; Celular: 313 3680441.<\/p>\n<h2 style=\"text-align: center; padding-left: 30px;\"><em>BIENVENIDO A BOGOTRAVEL TOURS!!<\/em><\/h2>\n<p>[\/vc_column_text][\/vc_accordion_tab][\/vc_accordion][\/vc_column][\/vc_row][vc_row][vc_column][vc_raw_js]JTNDaHRtbCUzRSUwQSUyMCUyMCUzQ2hlYWQlM0UlMEElMjAlMjAlMjAlMjAlM0N0aXRsZSUzRUVNUExFTyUyMEdVSUElMjBERSUyMFRVUklTVElDTyUyMEJPR09UQSUzQyUyRnRpdGxlJTNFJTBBJTIwJTIwJTIwJTIwJTNDc2NyaXB0JTIwdHlwZSUzRCUyMmFwcGxpY2F0aW9uJTJGbGQlMkJqc29uJTIyJTNFJTBBJTIwJTIwJTIwJTIwJTdCJTBBJTIwJTIwJTIwJTIwJTIwJTIwJTIyJTQwY29udGV4dCUyMiUyMCUzQSUyMCUyMmh0dHBzJTNBJTJGJTJGc2NoZW1hLm9yZyUyRiUyMiUyQyUwQSUyMCUyMCUyMCUyMCUyMCUyMCUyMiU0MHR5cGUlMjIlMjAlM0ElMjAlMjJKb2JQb3N0aW5nJTIyJTJDJTBBJTIwJTIwJTIwJTIwJTIwJTIwJTIydGl0bGUlMjIlMjAlM0ElMjAlMjJHVUlBJTIwREUlMjBUVVJJU1RJQ08lMjBCT0dPVEElMjIlMkMlMEElMjAlMjAlMjAlMjAlMjAlMjAlMjJkZXNjcmlwdGlvbiUyMiUyMCUzQSUyMCUyMiUzQ3AlM0VCdXNjYW1vcyUyMHBlcnNvbmFsJTIwYmlsaW5nJUMzJUJDZSUyMGVuJTIwQm9nb3QlQzMlQTElMjBwYXJhJTIwZGVzZW1wZSVDMyVCMWFyJTIwY2FyZ28lMjBkZSUyMGd1aWElMjBkZSUyMHR1cmlzbW8lM0MlMkZwJTNFJTIyJTJDJTBBJTIwJTIwJTIwJTIwJTIwJTIwJTIyaWRlbnRpZmllciUyMiUzQSUyMCU3QiUwQSUyMCUyMCUyMCUyMCUyMCUyMCUyMCUyMCUyMiU0MHR5cGUlMjIlM0ElMjAlMjJQcm9wZXJ0eVZhbHVlJTIyJTJDJTBBJTIwJTIwJTIwJTIwJTIwJTIwJTIwJTIwJTIybmFtZSUyMiUzQSUyMCUyMkJPR09UUkFWRUwlMjBUT1VSUyUyMiUyQyUwQSUyMCUyMCUyMCUyMCUyMCUyMCUyMCUyMCUyMnZhbHVlJTIyJTNBJTIwJTIyMTIzNDU2NyUyMiUwQSUyMCUyMCUyMCUyMCUyMCUyMCU3RCUyQyUwQSUyMCUyMCUyMCUyMCUyMCUyMCUyMmRhdGVQb3N0ZWQlMjIlMjAlM0ElMjAlMjIyMDI0LTYtOCUyMiUyQyUwQSUyMCUyMCUyMCUyMCUyMCUyMCUyMnZhbGlkVGhyb3VnaCUyMiUyMCUzQSUyMCUyMjIwMjQtMTAtMjhUMDAlM0EwMCUyMiUyQyUwQSUyMCUyMCUyMCUyMCUyMCUyMCUyMmVtcGxveW1lbnRUeXBlJTIyJTIwJTNBJTIwJTIyRlVMTF9USU1FJTIyJTJDJTBBJTIwJTIwJTIwJTIwJTIwJTIwJTIyaGlyaW5nT3JnYW5pemF0aW9uJTIyJTIwJTNBJTIwJTdCJTBBJTIwJTIwJTIwJTIwJTIwJTIwJTIwJTIwJTIyJTQwdHlwZSUyMiUyMCUzQSUyMCUyMkFnZW5jaWElMjBkZSUyMHZpYWplcyUyMiUyQyUwQSUyMCUyMCUyMCUyMCUyMCUyMCUyMCUyMCUyMm5hbWUlMjIlMjAlM0ElMjAlMjJCT0dPVFJBVkVMJTIwVE9VUlMlMjIlMkMlMEElMjAlMjAlMjAlMjAlMjAlMjAlMjAlMjAlMjJzYW1lQXMlMjIlMjAlM0ElMjAlMjJodHRwcyUzQSUyRiUyRnd3dy5ib2dvdHJhdmVsdG91cnMuY29tJTJGZXMlMkZlbXBsZW9zLWJvZ290YS1hdXhpbGlhci1hZG1pbmlzdHJhdGl2YSUyRiUyMiUyQyUwQSUyMCUyMCUyMCUyMCUyMCUyMCUyMCUyMCUyMmxvZ28lMjIlMjAlM0ElMjAlMjJodHRwcyUzQSUyRiUyRnd3dy5ib2dvdHJhdmVsdG91cnMuY29tJTJGd3AtY29udGVudCUyRnVwbG9hZHMlMkYyMDE2JTJGMTAlMkZMT0dPLUZPT1RFUi5wbmclMjIlMEElMjAlMjAlMjAlMjAlMjAlMjAlN0QlMkMlMEElMjAlMjAlMjAlMjAlMjAlMjAlMjJqb2JMb2NhdGlvbiUyMiUzQSUyMCU3QiUwQSUyMCUyMCUyMCUyMCUyMCUyMCUyMiU0MHR5cGUlMjIlM0ElMjAlMjJCb2dvdGElMkMlMjBDb2xvbWJpYSUyMiUyQyUwQSUyMCUyMCUyMCUyMCUyMCUyMCUyMCUyMCUyMmFkZHJlc3MlMjIlM0ElMjAlN0IlMEElMjAlMjAlMjAlMjAlMjAlMjAlMjAlMjAlMjIlNDB0eXBlJTIyJTNBJTIwJTIyQ2FycmVyYSUyMDFBJTIwJTIzJTIwMTItMTElMjIlMkMlMEElMjAlMjAlMjAlMjAlMjAlMjAlMjAlMjAlMjJzdHJlZXRBZGRyZXNzJTIyJTNBJTIwJTIyQ2FycmVyYSUyMDFBJTIwJTIzJTIwMTItMTElMjIlMkMlMEElMjAlMjAlMjAlMjAlMjAlMjAlMjAlMjAlMjJhZGRyZXNzTG9jYWxpdHklMjIlM0ElMjAlMjJCT0dPVEElMjIlMkMlMEElMjAlMjAlMjAlMjAlMjAlMjAlMjAlMjAlMjJhZGRyZXNzUmVnaW9uJTIyJTNBJTIwJTIyQk9HT1RBJTIyJTJDJTBBJTIwJTIwJTIwJTIwJTIwJTIwJTIwJTIwJTIycG9zdGFsQ29kZSUyMiUzQSUyMCUyMjExMTcxMSUyMiUyQyUwQSUyMCUyMCUyMCUyMCUyMCUyMCUyMCUyMCUyMmFkZHJlc3NDb3VudHJ5JTIyJTNBJTIwJTIyQ09MT01CSUElMjIlMEElMjAlMjAlMjAlMjAlMjAlMjAlMjAlMjAlN0QlMEElMjAlMjAlMjAlMjAlMjAlMjAlN0QlMkMlMEElMjAlMjAlMjAlMjAlMjAlMjAlMjJiYXNlU2FsYXJ5JTIyJTNBJTIwJTdCJTBBJTIwJTIwJTIwJTIwJTIwJTIwJTIwJTIwJTIyJTQwdHlwZSUyMiUzQSUyMCUyMk1vbmV0YXJ5QW1vdW50JTIyJTJDJTBBJTIwJTIwJTIwJTIwJTIwJTIwJTIwJTIwJTIyY3VycmVuY3klMjIlM0ElMjAlMjJDT1AlMjIlMkMlMEElMjAlMjAlMjAlMjAlMjAlMjAlMjAlMjAlMjJ2YWx1ZSUyMiUzQSUyMCU3QiUwQSUyMCUyMCUyMCUyMCUyMCUyMCUyMCUyMCUyMCUyMCUyMiU0MHR5cGUlMjIlM0ElMjAlMjJRdWFudGl0YXRpdmVWYWx1ZSUyMiUyQyUwQSUyMCUyMCUyMCUyMCUyMCUyMCUyMCUyMCUyMCUyMCUyMnZhbHVlJTIyJTNBJTIwUG9yJTIwYWNvcmRhciUyQyUwQSUyMCUyMCUyMCUyMCUyMCUyMCUyMCUyMCUyMCUyMCUyMnVuaXRUZXh0JTIyJTNBJTIwJTIyTW9udGglMjIlMEElMjAlMjAlMjAlMjAlMjAlMjAlMjAlMjAlN0QlMEElMjAlMjAlMjAlMjAlMjAlMjAlN0QlMEElMjAlMjAlMjAlMjAlN0QlMEElMjAlMjAlMjAlMjAlM0MlMkZzY3JpcHQlM0UlMEElMjAlMjAlM0MlMkZoZWFkJTNFJTBBJTIwJTIwJTNDYm9keSUzRSUwQSUyMCUyMCUzQyUyRmJvZHklM0UlMEElM0MlMkZodG1sJTNF[\/vc_raw_js][\/vc_column][\/vc_row]<\/p>\n<\/div>","protected":false},"excerpt":{"rendered":"<p>[vc_row gap=\u00bb10&#8243; type=\u00bbvc_default\u00bb css=\u00bb.vc_custom_1478729915300{margin-top: 2% !important;}\u00bb][vc_column css=\u00bb.vc_custom_1478727436005{margin-top: 0px !important;}\u00bb][vc_column_text css=\u00bb.vc_custom_1539130337918{margin-top: 0% !important;background-color: #f2f2f2 !important;}\u00bb] TRABAJA CON NOSOTROS [\/vc_column_text][vc_text_separator title=\u00bbGUIA TURISTICO \/ INFORMADOR DE TURISMO, BOGOT\u00c1\u00bb i_icon_fontawesome=\u00bbfa fa-street-view\u00bb i_color=\u00bbcustom\u00bb i_custom_color=\u00bb#eeee22&#8243; i_size=\u00bblg\u00bb title_align=\u00bbseparator_align_left\u00bb color=\u00bbblack\u00bb border_width=\u00bb2&#8243; css_animation=\u00bbfadeInDown\u00bb add_icon=\u00bbtrue\u00bb][\/vc_column][\/vc_row][vc_row margin_top=\u00bb50px\u00bb][vc_column][vc_accordion active_tab=\u00bb1&#8243; collapsible=\u00bbyes\u00bb title_size=\u00bbh3&#8243; style=\u00bb3&#8243; title=\u00bbVACANTE DISPONIBLES 2025&#8243;][vc_accordion_tab title=\u00bbGUIA TURISTICO \/ INFORMADOR DE TURISMO, BOGOT\u00c1\u00bb][vc_column_text] Buscamos personas que desean aplicar&hellip;<\/p>\n","protected":false},"author":6,"featured_media":0,"parent":0,"menu_order":0,"comment_status":"closed","ping_status":"closed","template":"","meta":{"_joinchat":[],"footnotes":""},"class_list":["post-5889","page","type-page","status-publish","hentry","description-off"],"yoast_head":"<!-- This site is optimized with the Yoast SEO plugin v27.2 - https:\/\/yoast.com\/product\/yoast-seo-wordpress\/ -->\n<title>Empleos agencia viajes Bogota, Guia turistico Bogot\u00e1 2025 | Bogotravel Tours<\/title>\n<meta name=\"description\" content=\"Empleos Bogota, Empleo gu\u00eda tur\u00edstico Bogota, Empleo agencia de viajes Bogota, Ofertas de trabajo en turismo Bogota. Gu\u00eda tur\u00edstico bilingue (Ingles). Vacantes de turismo. Oferta Computrabajo Bogota\" \/>\n<meta name=\"robots\" content=\"index, follow, max-snippet:-1, max-image-preview:large, max-video-preview:-1\" \/>\n<link rel=\"canonical\" href=\"https:\/\/www.bogotraveltours.com\/es\/empleos-bogota-guia-turistico\/\" \/>\n<meta property=\"og:locale\" content=\"es_ES\" \/>\n<meta property=\"og:type\" content=\"article\" \/>\n<meta property=\"og:title\" content=\"Empleos agencia viajes Bogota, Guia turistico Bogot\u00e1 2025 | Bogotravel Tours\" \/>\n<meta property=\"og:description\" content=\"Empleos Bogota, Empleo gu\u00eda tur\u00edstico Bogota, Empleo agencia de viajes Bogota, Ofertas de trabajo en turismo Bogota. Gu\u00eda tur\u00edstico bilingue (Ingles). Vacantes de turismo. Oferta Computrabajo Bogota\" \/>\n<meta property=\"og:url\" content=\"https:\/\/www.bogotraveltours.com\/es\/empleos-bogota-guia-turistico\/\" \/>\n<meta property=\"og:site_name\" content=\"Bogotravel Tours\" \/>\n<meta property=\"article:publisher\" content=\"https:\/\/www.facebook.com\/Bogotraveltours\/\" \/>\n<meta property=\"article:modified_time\" content=\"2025-07-25T17:41:32+00:00\" \/>\n<meta property=\"og:image\" content=\"http:\/\/www.bogotraveltours.com\/wp-content\/uploads\/2016\/10\/bullet-flecha.png\" \/>\n<meta name=\"twitter:card\" content=\"summary_large_image\" \/>\n<meta name=\"twitter:site\" content=\"@bogotraveltours\" \/>\n<meta name=\"twitter:label1\" content=\"Tiempo de lectura\" \/>\n\t<meta name=\"twitter:data1\" content=\"4 minutos\" \/>\n<script type=\"application\/ld+json\" class=\"yoast-schema-graph\">{\"@context\":\"https:\/\/schema.org\",\"@graph\":[{\"@type\":\"WebPage\",\"@id\":\"https:\/\/www.bogotraveltours.com\/es\/empleos-bogota-guia-turistico\/\",\"url\":\"https:\/\/www.bogotraveltours.com\/es\/empleos-bogota-guia-turistico\/\",\"name\":\"Empleos agencia viajes Bogota, Guia turistico Bogot\u00e1 2025 | Bogotravel Tours\",\"isPartOf\":{\"@id\":\"https:\/\/www.bogotraveltours.com\/es\/#website\"},\"primaryImageOfPage\":{\"@id\":\"https:\/\/www.bogotraveltours.com\/es\/empleos-bogota-guia-turistico\/#primaryimage\"},\"image\":{\"@id\":\"https:\/\/www.bogotraveltours.com\/es\/empleos-bogota-guia-turistico\/#primaryimage\"},\"thumbnailUrl\":\"http:\/\/www.bogotraveltours.com\/wp-content\/uploads\/2016\/10\/bullet-flecha.png\",\"datePublished\":\"2019-05-20T03:33:32+00:00\",\"dateModified\":\"2025-07-25T17:41:32+00:00\",\"description\":\"Empleos Bogota, Empleo gu\u00eda tur\u00edstico Bogota, Empleo agencia de viajes Bogota, Ofertas de trabajo en turismo Bogota. Gu\u00eda tur\u00edstico bilingue (Ingles). Vacantes de turismo. Oferta Computrabajo Bogota\",\"breadcrumb\":{\"@id\":\"https:\/\/www.bogotraveltours.com\/es\/empleos-bogota-guia-turistico\/#breadcrumb\"},\"inLanguage\":\"es\",\"potentialAction\":[{\"@type\":\"ReadAction\",\"target\":[\"https:\/\/www.bogotraveltours.com\/es\/empleos-bogota-guia-turistico\/\"]}]},{\"@type\":\"ImageObject\",\"inLanguage\":\"es\",\"@id\":\"https:\/\/www.bogotraveltours.com\/es\/empleos-bogota-guia-turistico\/#primaryimage\",\"url\":\"http:\/\/www.bogotraveltours.com\/wp-content\/uploads\/2016\/10\/bullet-flecha.png\",\"contentUrl\":\"http:\/\/www.bogotraveltours.com\/wp-content\/uploads\/2016\/10\/bullet-flecha.png\"},{\"@type\":\"BreadcrumbList\",\"@id\":\"https:\/\/www.bogotraveltours.com\/es\/empleos-bogota-guia-turistico\/#breadcrumb\",\"itemListElement\":[{\"@type\":\"ListItem\",\"position\":1,\"name\":\"Portada\",\"item\":\"https:\/\/www.bogotraveltours.com\/es\/\"},{\"@type\":\"ListItem\",\"position\":2,\"name\":\"EMPLEO GUIA TURISTICO\"}]},{\"@type\":\"WebSite\",\"@id\":\"https:\/\/www.bogotraveltours.com\/es\/#website\",\"url\":\"https:\/\/www.bogotraveltours.com\/es\/\",\"name\":\"Bogotravel Tours\",\"description\":\"Enjoy the best Bogota City tours, Tours salt cathedral Zipaquira Guatavita, tours en bicicleta bogot\u00e1, graffiti tours, Coffee plantation tour, ...\",\"publisher\":{\"@id\":\"https:\/\/www.bogotraveltours.com\/es\/#organization\"},\"potentialAction\":[{\"@type\":\"SearchAction\",\"target\":{\"@type\":\"EntryPoint\",\"urlTemplate\":\"https:\/\/www.bogotraveltours.com\/es\/?s={search_term_string}\"},\"query-input\":{\"@type\":\"PropertyValueSpecification\",\"valueRequired\":true,\"valueName\":\"search_term_string\"}}],\"inLanguage\":\"es\"},{\"@type\":\"Organization\",\"@id\":\"https:\/\/www.bogotraveltours.com\/es\/#organization\",\"name\":\"Bogotravel Tours\",\"url\":\"https:\/\/www.bogotraveltours.com\/es\/\",\"logo\":{\"@type\":\"ImageObject\",\"inLanguage\":\"es\",\"@id\":\"https:\/\/www.bogotraveltours.com\/es\/#\/schema\/logo\/image\/\",\"url\":\"https:\/\/www.bogotraveltours.com\/wp-content\/uploads\/logo-bogotravel-tours-header-2020.png\",\"contentUrl\":\"https:\/\/www.bogotraveltours.com\/wp-content\/uploads\/logo-bogotravel-tours-header-2020.png\",\"width\":490,\"height\":93,\"caption\":\"Bogotravel Tours\"},\"image\":{\"@id\":\"https:\/\/www.bogotraveltours.com\/es\/#\/schema\/logo\/image\/\"},\"sameAs\":[\"https:\/\/www.facebook.com\/Bogotraveltours\/\",\"https:\/\/x.com\/bogotraveltours\",\"https:\/\/twitter.com\/bogotraveltours\",\"https:\/\/www.youtube.com\/channel\/UCScz82LsqihomkFKlwT0EMw?view_as=subscriber\"]}]}<\/script>\n<!-- \/ Yoast SEO plugin. -->","yoast_head_json":{"title":"Empleos agencia viajes Bogota, Guia turistico Bogot\u00e1 2025 | Bogotravel Tours","description":"Empleos Bogota, Empleo gu\u00eda tur\u00edstico Bogota, Empleo agencia de viajes Bogota, Ofertas de trabajo en turismo Bogota. Gu\u00eda tur\u00edstico bilingue (Ingles). Vacantes de turismo. Oferta Computrabajo Bogota","robots":{"index":"index","follow":"follow","max-snippet":"max-snippet:-1","max-image-preview":"max-image-preview:large","max-video-preview":"max-video-preview:-1"},"canonical":"https:\/\/www.bogotraveltours.com\/es\/empleos-bogota-guia-turistico\/","og_locale":"es_ES","og_type":"article","og_title":"Empleos agencia viajes Bogota, Guia turistico Bogot\u00e1 2025 | Bogotravel Tours","og_description":"Empleos Bogota, Empleo gu\u00eda tur\u00edstico Bogota, Empleo agencia de viajes Bogota, Ofertas de trabajo en turismo Bogota. Gu\u00eda tur\u00edstico bilingue (Ingles). Vacantes de turismo. Oferta Computrabajo Bogota","og_url":"https:\/\/www.bogotraveltours.com\/es\/empleos-bogota-guia-turistico\/","og_site_name":"Bogotravel Tours","article_publisher":"https:\/\/www.facebook.com\/Bogotraveltours\/","article_modified_time":"2025-07-25T17:41:32+00:00","og_image":[{"url":"http:\/\/www.bogotraveltours.com\/wp-content\/uploads\/2016\/10\/bullet-flecha.png","type":"","width":"","height":""}],"twitter_card":"summary_large_image","twitter_site":"@bogotraveltours","twitter_misc":{"Tiempo de lectura":"4 minutos"},"schema":{"@context":"https:\/\/schema.org","@graph":[{"@type":"WebPage","@id":"https:\/\/www.bogotraveltours.com\/es\/empleos-bogota-guia-turistico\/","url":"https:\/\/www.bogotraveltours.com\/es\/empleos-bogota-guia-turistico\/","name":"Empleos agencia viajes Bogota, Guia turistico Bogot\u00e1 2025 | Bogotravel Tours","isPartOf":{"@id":"https:\/\/www.bogotraveltours.com\/es\/#website"},"primaryImageOfPage":{"@id":"https:\/\/www.bogotraveltours.com\/es\/empleos-bogota-guia-turistico\/#primaryimage"},"image":{"@id":"https:\/\/www.bogotraveltours.com\/es\/empleos-bogota-guia-turistico\/#primaryimage"},"thumbnailUrl":"http:\/\/www.bogotraveltours.com\/wp-content\/uploads\/2016\/10\/bullet-flecha.png","datePublished":"2019-05-20T03:33:32+00:00","dateModified":"2025-07-25T17:41:32+00:00","description":"Empleos Bogota, Empleo gu\u00eda tur\u00edstico Bogota, Empleo agencia de viajes Bogota, Ofertas de trabajo en turismo Bogota. Gu\u00eda tur\u00edstico bilingue (Ingles). Vacantes de turismo. Oferta Computrabajo Bogota","breadcrumb":{"@id":"https:\/\/www.bogotraveltours.com\/es\/empleos-bogota-guia-turistico\/#breadcrumb"},"inLanguage":"es","potentialAction":[{"@type":"ReadAction","target":["https:\/\/www.bogotraveltours.com\/es\/empleos-bogota-guia-turistico\/"]}]},{"@type":"ImageObject","inLanguage":"es","@id":"https:\/\/www.bogotraveltours.com\/es\/empleos-bogota-guia-turistico\/#primaryimage","url":"http:\/\/www.bogotraveltours.com\/wp-content\/uploads\/2016\/10\/bullet-flecha.png","contentUrl":"http:\/\/www.bogotraveltours.com\/wp-content\/uploads\/2016\/10\/bullet-flecha.png"},{"@type":"BreadcrumbList","@id":"https:\/\/www.bogotraveltours.com\/es\/empleos-bogota-guia-turistico\/#breadcrumb","itemListElement":[{"@type":"ListItem","position":1,"name":"Portada","item":"https:\/\/www.bogotraveltours.com\/es\/"},{"@type":"ListItem","position":2,"name":"EMPLEO GUIA TURISTICO"}]},{"@type":"WebSite","@id":"https:\/\/www.bogotraveltours.com\/es\/#website","url":"https:\/\/www.bogotraveltours.com\/es\/","name":"Bogotravel Tours","description":"Enjoy the best Bogota City tours, Tours salt cathedral Zipaquira Guatavita, tours en bicicleta bogot\u00e1, graffiti tours, Coffee plantation tour, ...","publisher":{"@id":"https:\/\/www.bogotraveltours.com\/es\/#organization"},"potentialAction":[{"@type":"SearchAction","target":{"@type":"EntryPoint","urlTemplate":"https:\/\/www.bogotraveltours.com\/es\/?s={search_term_string}"},"query-input":{"@type":"PropertyValueSpecification","valueRequired":true,"valueName":"search_term_string"}}],"inLanguage":"es"},{"@type":"Organization","@id":"https:\/\/www.bogotraveltours.com\/es\/#organization","name":"Bogotravel Tours","url":"https:\/\/www.bogotraveltours.com\/es\/","logo":{"@type":"ImageObject","inLanguage":"es","@id":"https:\/\/www.bogotraveltours.com\/es\/#\/schema\/logo\/image\/","url":"https:\/\/www.bogotraveltours.com\/wp-content\/uploads\/logo-bogotravel-tours-header-2020.png","contentUrl":"https:\/\/www.bogotraveltours.com\/wp-content\/uploads\/logo-bogotravel-tours-header-2020.png","width":490,"height":93,"caption":"Bogotravel Tours"},"image":{"@id":"https:\/\/www.bogotraveltours.com\/es\/#\/schema\/logo\/image\/"},"sameAs":["https:\/\/www.facebook.com\/Bogotraveltours\/","https:\/\/x.com\/bogotraveltours","https:\/\/twitter.com\/bogotraveltours","https:\/\/www.youtube.com\/channel\/UCScz82LsqihomkFKlwT0EMw?view_as=subscriber"]}]}},"_links":{"self":[{"href":"https:\/\/www.bogotraveltours.com\/es\/wp-json\/wp\/v2\/pages\/5889","targetHints":{"allow":["GET"]}}],"collection":[{"href":"https:\/\/www.bogotraveltours.com\/es\/wp-json\/wp\/v2\/pages"}],"about":[{"href":"https:\/\/www.bogotraveltours.com\/es\/wp-json\/wp\/v2\/types\/page"}],"author":[{"embeddable":true,"href":"https:\/\/www.bogotraveltours.com\/es\/wp-json\/wp\/v2\/users\/6"}],"replies":[{"embeddable":true,"href":"https:\/\/www.bogotraveltours.com\/es\/wp-json\/wp\/v2\/comments?post=5889"}],"version-history":[{"count":11,"href":"https:\/\/www.bogotraveltours.com\/es\/wp-json\/wp\/v2\/pages\/5889\/revisions"}],"predecessor-version":[{"id":19113,"href":"https:\/\/www.bogotraveltours.com\/es\/wp-json\/wp\/v2\/pages\/5889\/revisions\/19113"}],"wp:attachment":[{"href":"https:\/\/www.bogotraveltours.com\/es\/wp-json\/wp\/v2\/media?parent=5889"}],"curies":[{"name":"wp","href":"https:\/\/api.w.org\/{rel}","templated":true}]}}